{"id":10442,"date":"2023-02-01T17:40:28","date_gmt":"2023-02-01T17:40:28","guid":{"rendered":"https:\/\/www.effe3ti.com\/?page_id=10442"},"modified":"2024-10-07T14:39:03","modified_gmt":"2024-10-07T14:39:03","slug":"wickelmaschinen-aus-edelstahl-und-verzinktem-stahl","status":"publish","type":"page","link":"https:\/\/www.effe3ti.com\/de\/avvolgitrici-acciaio-inox-e-galvanizzate\/","title":{"rendered":"Verpackungsmaschinen aus Edelstahl und verzinktem Stahl"},"content":{"rendered":"<div data-elementor-type=\"wp-page\" data-elementor-id=\"10442\" class=\"elementor elementor-10442\" data-elementor-post-type=\"page\">\n\t\t\t\t\t\t<section class=\"elementor-section elementor-top-section elementor-element elementor-element-7feea01 elementor-section-full_width elementor-section-height-default elementor-section-height-default\" data-id=\"7feea01\" data-element_type=\"section\" data-e-type=\"section\">\n\t\t\t\t\t\t<div class=\"elementor-container elementor-column-gap-no\">\n\t\t\t\t\t<div class=\"elementor-column elementor-col-100 elementor-top-column elementor-element elementor-element-b87cc80\" data-id=\"b87cc80\" data-element_type=\"column\" data-e-type=\"column\">\n\t\t\t<div class=\"elementor-widget-wrap elementor-element-populated\">\n\t\t\t\t\t\t<div class=\"elementor-element elementor-element-84ba152 elementor--h-position-center elementor--v-position-middle elementor-arrows-position-inside elementor-pagination-position-inside elementor-widget elementor-widget-slides\" data-id=\"84ba152\" data-element_type=\"widget\" data-e-type=\"widget\" data-settings=\"{&quot;navigation&quot;:&quot;both&quot;,&quot;autoplay&quot;:&quot;yes&quot;,&quot;pause_on_hover&quot;:&quot;yes&quot;,&quot;pause_on_interaction&quot;:&quot;yes&quot;,&quot;autoplay_speed&quot;:5000,&quot;infinite&quot;:&quot;yes&quot;,&quot;transition&quot;:&quot;slide&quot;,&quot;transition_speed&quot;:500}\" data-widget_type=\"slides.default\">\n\t\t\t\t<div class=\"elementor-widget-container\">\n\t\t\t\t\t\t\t\t\t<div class=\"elementor-swiper\">\n\t\t\t\t\t<div class=\"elementor-slides-wrapper elementor-main-swiper swiper\" role=\"region\" aria-roledescription=\"carousel\" aria-label=\"Folien\" dir=\"ltr\" data-animation=\"fadeInUp\">\n\t\t\t\t<div class=\"swiper-wrapper elementor-slides\">\n\t\t\t\t\t\t\t\t\t\t<div class=\"elementor-repeater-item-94ebbb0 swiper-slide\" role=\"group\" aria-roledescription=\"slide\"><div class=\"swiper-slide-bg\" role=\"img\" aria-label=\"Korrosionsschutz-Verpackungslinie\"><\/div><div class=\"swiper-slide-inner\" ><div class=\"swiper-slide-contents\"><\/div><\/div><\/div>\t\t\t\t<\/div>\n\t\t\t\t\t\t\t<\/div>\n\t\t\t\t<\/div>\n\t\t\t\t\t\t\t\t<\/div>\n\t\t\t\t<\/div>\n\t\t\t\t\t<\/div>\n\t\t<\/div>\n\t\t\t\t\t<\/div>\n\t\t<\/section>\n\t\t\t\t<section class=\"elementor-section elementor-top-section elementor-element elementor-element-f23ce68 elementor-section-boxed elementor-section-height-default elementor-section-height-default\" data-id=\"f23ce68\" data-element_type=\"section\" data-e-type=\"section\" data-settings=\"{&quot;background_background&quot;:&quot;classic&quot;}\">\n\t\t\t\t\t\t<div class=\"elementor-container elementor-column-gap-default\">\n\t\t\t\t\t<div class=\"elementor-column elementor-col-100 elementor-top-column elementor-element elementor-element-fce886c\" data-id=\"fce886c\" data-element_type=\"column\" data-e-type=\"column\">\n\t\t\t<div class=\"elementor-widget-wrap elementor-element-populated\">\n\t\t\t\t\t\t<div class=\"elementor-element elementor-element-32d9512 elementor-widget elementor-widget-text-editor\" data-id=\"32d9512\" data-element_type=\"widget\" data-e-type=\"widget\" data-widget_type=\"text-editor.default\">\n\t\t\t\t<div class=\"elementor-widget-container\">\n\t\t\t\t\t\t\t\t\t<h3>Der Einsatz einer Palettenwickelmaschine ist nicht nur auf den Warenversandbereich beschr\u00e4nkt. Tats\u00e4chlich gibt es viele Unternehmen, die Paletten mit ihren Produkten in Bereichen des Unternehmens, die wir als \u201eungew\u00f6hnlich\u201c definieren k\u00f6nnen, mit Stretchfolie umwickeln m\u00fcssen.<\/h3><p>Sprechen wir zum Beispiel \u00fcber Unternehmen, die sich mit Produkten befassen <a href=\"https:\/\/www.effe3ti.com\/de\/lebensmittel-und-getranke\/\">\u201eEssen &amp; Trinken\u201c<\/a>, das Flaggschiff der italienischen Wirtschaft, das seine Produktpaletten oft direkt in K\u00fchlr\u00e4umen mit Temperaturen weit unter Null verpacken kann, oder Unternehmen, die in extremen Umgebungen mit hoher Luftfeuchtigkeit oder in Gegenwart korrosiver Stoffe arbeiten.<\/p>\t\t\t\t\t\t\t\t<\/div>\n\t\t\t\t<\/div>\n\t\t\t\t\t<\/div>\n\t\t<\/div>\n\t\t\t\t\t<\/div>\n\t\t<\/section>\n\t\t\t\t<section class=\"elementor-section elementor-top-section elementor-element elementor-element-55503ff elementor-section-boxed elementor-section-height-default elementor-section-height-default\" data-id=\"55503ff\" data-element_type=\"section\" data-e-type=\"section\">\n\t\t\t\t\t\t<div class=\"elementor-container elementor-column-gap-default\">\n\t\t\t\t\t<div class=\"elementor-column elementor-col-100 elementor-top-column elementor-element elementor-element-638604d\" data-id=\"638604d\" data-element_type=\"column\" data-e-type=\"column\">\n\t\t\t<div class=\"elementor-widget-wrap elementor-element-populated\">\n\t\t\t\t\t\t<div class=\"elementor-element elementor-element-b223983 elementor-widget elementor-widget-heading\" data-id=\"b223983\" data-element_type=\"widget\" data-e-type=\"widget\" data-widget_type=\"heading.default\">\n\t\t\t\t<div class=\"elementor-widget-container\">\n\t\t\t\t\t<h2 class=\"elementor-heading-title elementor-size-default\">Edelstahl-Verpackungsmaschinen<\/h2>\t\t\t\t<\/div>\n\t\t\t\t<\/div>\n\t\t\t\t\t<\/div>\n\t\t<\/div>\n\t\t\t\t\t<\/div>\n\t\t<\/section>\n\t\t\t\t<section class=\"elementor-section elementor-top-section elementor-element elementor-element-f86e8ec elementor-section-boxed elementor-section-height-default elementor-section-height-default elementor-invisible\" data-id=\"f86e8ec\" data-element_type=\"section\" data-e-type=\"section\" data-settings=\"{&quot;animation&quot;:&quot;fadeInUp&quot;}\">\n\t\t\t\t\t\t<div class=\"elementor-container elementor-column-gap-default\">\n\t\t\t\t\t<div class=\"elementor-column elementor-col-50 elementor-top-column elementor-element elementor-element-d40f26e\" data-id=\"d40f26e\" data-element_type=\"column\" data-e-type=\"column\">\n\t\t\t<div class=\"elementor-widget-wrap elementor-element-populated\">\n\t\t\t\t\t\t<div class=\"elementor-element elementor-element-7bdddb8 elementor-widget elementor-widget-text-editor\" data-id=\"7bdddb8\" data-element_type=\"widget\" data-e-type=\"widget\" data-widget_type=\"text-editor.default\">\n\t\t\t\t<div class=\"elementor-widget-container\">\n\t\t\t\t\t\t\t\t\t<p>Die beste L\u00f6sung in diesen F\u00e4llen besteht darin, auf Spezialmaschinen zur\u00fcckzugreifen, die diesen rauen Umgebungen standhalten.<\/p><p><strong><a href=\"https:\/\/www.effe3ti.com\/de\/die-starke-von-stahl\/\">Palettenwickler aus Edelstahl<\/a><\/strong> Sie sind eine ideale Option f\u00fcr Unternehmen, die mit Lebensmitteln oder Chemikalien arbeiten. Edelstahl ist ein \u00e4u\u00dferst widerstandsf\u00e4higes Material und daher ideal f\u00fcr feuchte Umgebungen und den Kontakt mit korrosiven Substanzen.<\/p><p>Sie dienen zum schnellen und einfachen Umwickeln von Paletten mit Stretchfolie und sch\u00fctzen so die Produkte vor Staub, Feuchtigkeit und Verschmutzung.<\/p>\t\t\t\t\t\t\t\t<\/div>\n\t\t\t\t<\/div>\n\t\t\t\t\t<\/div>\n\t\t<\/div>\n\t\t\t\t<div class=\"elementor-column elementor-col-50 elementor-top-column elementor-element elementor-element-7042c0a\" data-id=\"7042c0a\" data-element_type=\"column\" data-e-type=\"column\">\n\t\t\t<div class=\"elementor-widget-wrap elementor-element-populated\">\n\t\t\t\t\t\t<div class=\"elementor-element elementor-element-24ea1d9 elementor-widget elementor-widget-image\" data-id=\"24ea1d9\" data-element_type=\"widget\" data-e-type=\"widget\" data-widget_type=\"image.default\">\n\t\t\t\t<div class=\"elementor-widget-container\">\n\t\t\t\t\t\t\t\t\t\t\t\t\t\t\t<img fetchpriority=\"high\" decoding=\"async\" width=\"800\" height=\"534\" src=\"https:\/\/www.effe3ti.com\/wp-content\/uploads\/2023\/01\/Spinny-s2300-inox-1024x683.jpg\" class=\"attachment-large size-large wp-image-10450\" alt=\"Spinny S2300 Edelstahl\" srcset=\"https:\/\/www.effe3ti.com\/wp-content\/uploads\/2023\/01\/Spinny-s2300-inox-1024x683.jpg 1024w, https:\/\/www.effe3ti.com\/wp-content\/uploads\/2023\/01\/Spinny-s2300-inox-scaled-600x400.jpg 600w, https:\/\/www.effe3ti.com\/wp-content\/uploads\/2023\/01\/Spinny-s2300-inox-300x200.jpg 300w, https:\/\/www.effe3ti.com\/wp-content\/uploads\/2023\/01\/Spinny-s2300-inox-768x512.jpg 768w, https:\/\/www.effe3ti.com\/wp-content\/uploads\/2023\/01\/Spinny-s2300-inox-1536x1024.jpg 1536w, https:\/\/www.effe3ti.com\/wp-content\/uploads\/2023\/01\/Spinny-s2300-inox-2048x1365.jpg 2048w\" sizes=\"(max-width: 800px) 100vw, 800px\" \/>\t\t\t\t\t\t\t\t\t\t\t\t\t\t\t<\/div>\n\t\t\t\t<\/div>\n\t\t\t\t\t<\/div>\n\t\t<\/div>\n\t\t\t\t\t<\/div>\n\t\t<\/section>\n\t\t\t\t<section class=\"elementor-section elementor-top-section elementor-element elementor-element-fe9241b elementor-section-boxed elementor-section-height-default elementor-section-height-default\" data-id=\"fe9241b\" data-element_type=\"section\" data-e-type=\"section\">\n\t\t\t\t\t\t<div class=\"elementor-container elementor-column-gap-default\">\n\t\t\t\t\t<div class=\"elementor-column elementor-col-100 elementor-top-column elementor-element elementor-element-466cb1c\" data-id=\"466cb1c\" data-element_type=\"column\" data-e-type=\"column\">\n\t\t\t<div class=\"elementor-widget-wrap elementor-element-populated\">\n\t\t\t\t\t\t<div class=\"elementor-element elementor-element-3acb636 elementor-widget elementor-widget-text-editor\" data-id=\"3acb636\" data-element_type=\"widget\" data-e-type=\"widget\" data-widget_type=\"text-editor.default\">\n\t\t\t\t<div class=\"elementor-widget-container\">\n\t\t\t\t\t\t\t\t\t<p>Eines der wichtigsten Merkmale von Palettenwicklern aus Edelstahl ist ihre einfache Reinigung und Wartung. Sie lassen sich problemlos mit Reinigungs- und Desinfektionsmitteln reinigen und sind daher f\u00fcr den Einsatz in der Lebensmittel- und Pharmaindustrie geeignet.<\/p>\t\t\t\t\t\t\t\t<\/div>\n\t\t\t\t<\/div>\n\t\t\t\t\t<\/div>\n\t\t<\/div>\n\t\t\t\t\t<\/div>\n\t\t<\/section>\n\t\t\t\t<section class=\"elementor-section elementor-top-section elementor-element elementor-element-55f59b1 elementor-section-boxed elementor-section-height-default elementor-section-height-default\" data-id=\"55f59b1\" data-element_type=\"section\" data-e-type=\"section\">\n\t\t\t\t\t\t<div class=\"elementor-container elementor-column-gap-default\">\n\t\t\t\t\t<div class=\"elementor-column elementor-col-100 elementor-top-column elementor-element elementor-element-1206813\" data-id=\"1206813\" data-element_type=\"column\" data-e-type=\"column\">\n\t\t\t<div class=\"elementor-widget-wrap elementor-element-populated\">\n\t\t\t\t\t\t<div class=\"elementor-element elementor-element-a8bcb7d elementor-widget elementor-widget-heading\" data-id=\"a8bcb7d\" data-element_type=\"widget\" data-e-type=\"widget\" data-widget_type=\"heading.default\">\n\t\t\t\t<div class=\"elementor-widget-container\">\n\t\t\t\t\t<h2 class=\"elementor-heading-title elementor-size-default\">Verzinkte Verpackungsmaschinen<\/h2>\t\t\t\t<\/div>\n\t\t\t\t<\/div>\n\t\t\t\t\t<\/div>\n\t\t<\/div>\n\t\t\t\t\t<\/div>\n\t\t<\/section>\n\t\t\t\t<section class=\"elementor-section elementor-top-section elementor-element elementor-element-8ea044a elementor-section-boxed elementor-section-height-default elementor-section-height-default elementor-invisible\" data-id=\"8ea044a\" data-element_type=\"section\" data-e-type=\"section\" data-settings=\"{&quot;animation&quot;:&quot;fadeInUp&quot;}\">\n\t\t\t\t\t\t<div class=\"elementor-container elementor-column-gap-default\">\n\t\t\t\t\t<div class=\"elementor-column elementor-col-50 elementor-top-column elementor-element elementor-element-0606eff\" data-id=\"0606eff\" data-element_type=\"column\" data-e-type=\"column\">\n\t\t\t<div class=\"elementor-widget-wrap elementor-element-populated\">\n\t\t\t\t\t\t<div class=\"elementor-element elementor-element-8b1aba0 elementor-widget elementor-widget-text-editor\" data-id=\"8b1aba0\" data-element_type=\"widget\" data-e-type=\"widget\" data-widget_type=\"text-editor.default\">\n\t\t\t\t<div class=\"elementor-widget-container\">\n\t\t\t\t\t\t\t\t\t<p>Eine Alternative zu Edelstahl ist die Verzinkung.<\/p><p>Obwohl es weniger edel als Edelstahl ist, begrenzt das verzinkte Metall die Rostbildung und sch\u00fctzt die Maschine somit vor Korrosion.<\/p><p>Verzinkte Verpackungsmaschinen eignen sich auch f\u00fcr Arbeiten in feuchter Umgebung oder bei Vorhandensein korrosiver Stoffe und sind oft g\u00fcnstiger als Maschinen aus Edelstahl.<\/p>\t\t\t\t\t\t\t\t<\/div>\n\t\t\t\t<\/div>\n\t\t\t\t\t<\/div>\n\t\t<\/div>\n\t\t\t\t<div class=\"elementor-column elementor-col-50 elementor-top-column elementor-element elementor-element-86f1ee1\" data-id=\"86f1ee1\" data-element_type=\"column\" data-e-type=\"column\">\n\t\t\t<div class=\"elementor-widget-wrap elementor-element-populated\">\n\t\t\t\t\t\t<div class=\"elementor-element elementor-element-3ed0f66 elementor-widget elementor-widget-image\" data-id=\"3ed0f66\" data-element_type=\"widget\" data-e-type=\"widget\" data-widget_type=\"image.default\">\n\t\t\t\t<div class=\"elementor-widget-container\">\n\t\t\t\t\t\t\t\t\t\t\t\t\t\t\t<img decoding=\"async\" width=\"800\" height=\"450\" src=\"https:\/\/www.effe3ti.com\/wp-content\/uploads\/2023\/02\/S2300-Galvanizzata-1024x576.jpg\" class=\"attachment-large size-large wp-image-10650\" alt=\"Korrosionsschutz-Verpackungslinie\" srcset=\"https:\/\/www.effe3ti.com\/wp-content\/uploads\/2023\/02\/S2300-Galvanizzata-1024x576.jpg 1024w, https:\/\/www.effe3ti.com\/wp-content\/uploads\/2023\/02\/S2300-Galvanizzata-600x337.jpg 600w, https:\/\/www.effe3ti.com\/wp-content\/uploads\/2023\/02\/S2300-Galvanizzata-300x169.jpg 300w, https:\/\/www.effe3ti.com\/wp-content\/uploads\/2023\/02\/S2300-Galvanizzata-768x432.jpg 768w, https:\/\/www.effe3ti.com\/wp-content\/uploads\/2023\/02\/S2300-Galvanizzata-1536x864.jpg 1536w, https:\/\/www.effe3ti.com\/wp-content\/uploads\/2023\/02\/S2300-Galvanizzata-2048x1152.jpg 2048w\" sizes=\"(max-width: 800px) 100vw, 800px\" \/>\t\t\t\t\t\t\t\t\t\t\t\t\t\t\t<\/div>\n\t\t\t\t<\/div>\n\t\t\t\t\t<\/div>\n\t\t<\/div>\n\t\t\t\t\t<\/div>\n\t\t<\/section>\n\t\t\t\t<section class=\"elementor-section elementor-top-section elementor-element elementor-element-9b5884c elementor-section-boxed elementor-section-height-default elementor-section-height-default\" data-id=\"9b5884c\" data-element_type=\"section\" data-e-type=\"section\">\n\t\t\t\t\t\t<div class=\"elementor-container elementor-column-gap-default\">\n\t\t\t\t\t<div class=\"elementor-column elementor-col-100 elementor-top-column elementor-element elementor-element-19b6f7a\" data-id=\"19b6f7a\" data-element_type=\"column\" data-e-type=\"column\">\n\t\t\t<div class=\"elementor-widget-wrap elementor-element-populated\">\n\t\t\t\t\t\t<div class=\"elementor-element elementor-element-4a76232 elementor-widget elementor-widget-text-editor\" data-id=\"4a76232\" data-element_type=\"widget\" data-e-type=\"widget\" data-widget_type=\"text-editor.default\">\n\t\t\t\t<div class=\"elementor-widget-container\">\n\t\t\t\t\t\t\t\t\t<p>EFFE3ti produziert Maschinen <a href=\"https:\/\/www.effe3ti.com\/de\/drehtisch-verpackungsmaschinen\/\">Tischwickelmaschinen<\/a> oder <a href=\"https:\/\/www.effe3ti.com\/de\/rotationsarm-verpackungsmaschinen\/\">Dreharm<\/a> f\u00fcr jeden Bedarf, auch in Edelstahl oder verzinkt.<\/p><p><a href=\"https:\/\/www.effe3ti.com\/de\/kontakte\/\"><strong>Rufen Sie uns an oder besuchen Sie uns f\u00fcr alle Informationen!<\/strong><\/a><\/p>\t\t\t\t\t\t\t\t<\/div>\n\t\t\t\t<\/div>\n\t\t\t\t\t<\/div>\n\t\t<\/div>\n\t\t\t\t\t<\/div>\n\t\t<\/section>\n\t\t\t\t<\/div>","protected":false},"excerpt":{"rendered":"<p>L&#8217;utilizzo di una macchina fasciapallet non \u00e8 limitato soltanto alle zone di spedizione della merce. Sono molte, infatti, le aziende che necessitano di avvolgere con film estensibile i pallet dei loro prodotti in zone dell&#8217;azienda che possiamo definire &#8220;inusuali&#8221;. Parliamo ad esempio di aziende che trattano prodotti &#8220;food &amp; beverage&#8221;, fiore all&#8217;occhiello dell&#8217;economia italiana, che [&hellip;]<\/p>\n","protected":false},"author":1,"featured_media":4058,"parent":0,"menu_order":0,"comment_status":"closed","ping_status":"closed","template":"","meta":{"footnotes":""},"class_list":["post-10442","page","type-page","status-publish","has-post-thumbnail","hentry"],"yoast_head":"<!-- This site is optimized with the Yoast SEO plugin v27.5 - https:\/\/yoast.com\/product\/yoast-seo-wordpress\/ -->\n<title>Avvolgitrici in Acciaio Inox e Galvanizzate - Effe3ti<\/title>\n<meta name=\"description\" content=\"Avvolgitrici in acciaio inox e galvanizzate, macchine speciali per l&#039;utilizzo in ambienti estremi e idonee per l&#039;uso alimentare\" \/>\n<meta name=\"robots\" content=\"index, follow, max-snippet:-1, max-image-preview:large, max-video-preview:-1\" \/>\n<link rel=\"canonical\" href=\"https:\/\/www.effe3ti.com\/de\/wickelmaschinen-aus-edelstahl-und-verzinktem-stahl\/\" \/>\n<meta property=\"og:locale\" content=\"de_DE\" \/>\n<meta property=\"og:type\" content=\"article\" \/>\n<meta property=\"og:title\" content=\"Avvolgitrici in Acciaio Inox e Galvanizzate - Effe3ti\" \/>\n<meta property=\"og:description\" content=\"Avvolgitrici in acciaio inox e galvanizzate, macchine speciali per l&#039;utilizzo in ambienti estremi e idonee per l&#039;uso alimentare\" \/>\n<meta property=\"og:url\" content=\"https:\/\/www.effe3ti.com\/de\/wickelmaschinen-aus-edelstahl-und-verzinktem-stahl\/\" \/>\n<meta property=\"og:site_name\" content=\"Effe3ti\" \/>\n<meta property=\"article:publisher\" content=\"https:\/\/www.facebook.com\/effe3ti.packaging\" \/>\n<meta property=\"article:modified_time\" content=\"2024-10-07T14:39:03+00:00\" \/>\n<meta property=\"og:image\" content=\"https:\/\/www.effe3ti.com\/wp-content\/uploads\/2021\/04\/Touch-screen-spinny-auto.jpg\" \/>\n\t<meta property=\"og:image:width\" content=\"1038\" \/>\n\t<meta property=\"og:image:height\" content=\"584\" \/>\n\t<meta property=\"og:image:type\" content=\"image\/jpeg\" \/>\n<meta name=\"twitter:card\" content=\"summary_large_image\" \/>\n<meta name=\"twitter:label1\" content=\"Gesch\u00e4tzte Lesezeit\" \/>\n\t<meta name=\"twitter:data1\" content=\"3\u00a0Minuten\" \/>\n<script type=\"application\/ld+json\" class=\"yoast-schema-graph\">{\"@context\":\"https:\\\/\\\/schema.org\",\"@graph\":[{\"@type\":\"WebPage\",\"@id\":\"https:\\\/\\\/www.effe3ti.com\\\/avvolgitrici-acciaio-inox-e-galvanizzate\\\/\",\"url\":\"https:\\\/\\\/www.effe3ti.com\\\/avvolgitrici-acciaio-inox-e-galvanizzate\\\/\",\"name\":\"Avvolgitrici in Acciaio Inox e Galvanizzate - Effe3ti\",\"isPartOf\":{\"@id\":\"https:\\\/\\\/www.effe3ti.com\\\/#website\"},\"primaryImageOfPage\":{\"@id\":\"https:\\\/\\\/www.effe3ti.com\\\/avvolgitrici-acciaio-inox-e-galvanizzate\\\/#primaryimage\"},\"image\":{\"@id\":\"https:\\\/\\\/www.effe3ti.com\\\/avvolgitrici-acciaio-inox-e-galvanizzate\\\/#primaryimage\"},\"thumbnailUrl\":\"https:\\\/\\\/www.effe3ti.com\\\/wp-content\\\/uploads\\\/2021\\\/04\\\/Touch-screen-spinny-auto.jpg\",\"datePublished\":\"2023-02-01T17:40:28+00:00\",\"dateModified\":\"2024-10-07T14:39:03+00:00\",\"description\":\"Avvolgitrici in acciaio inox e galvanizzate, macchine speciali per l'utilizzo in ambienti estremi e idonee per l'uso alimentare\",\"breadcrumb\":{\"@id\":\"https:\\\/\\\/www.effe3ti.com\\\/avvolgitrici-acciaio-inox-e-galvanizzate\\\/#breadcrumb\"},\"inLanguage\":\"de\",\"potentialAction\":[{\"@type\":\"ReadAction\",\"target\":[\"https:\\\/\\\/www.effe3ti.com\\\/avvolgitrici-acciaio-inox-e-galvanizzate\\\/\"]}]},{\"@type\":\"ImageObject\",\"inLanguage\":\"de\",\"@id\":\"https:\\\/\\\/www.effe3ti.com\\\/avvolgitrici-acciaio-inox-e-galvanizzate\\\/#primaryimage\",\"url\":\"https:\\\/\\\/www.effe3ti.com\\\/wp-content\\\/uploads\\\/2021\\\/04\\\/Touch-screen-spinny-auto.jpg\",\"contentUrl\":\"https:\\\/\\\/www.effe3ti.com\\\/wp-content\\\/uploads\\\/2021\\\/04\\\/Touch-screen-spinny-auto.jpg\",\"width\":1038,\"height\":584,\"caption\":\"effe3ti touch screen\"},{\"@type\":\"BreadcrumbList\",\"@id\":\"https:\\\/\\\/www.effe3ti.com\\\/avvolgitrici-acciaio-inox-e-galvanizzate\\\/#breadcrumb\",\"itemListElement\":[{\"@type\":\"ListItem\",\"position\":1,\"name\":\"Home\",\"item\":\"https:\\\/\\\/www.effe3ti.com\\\/\"},{\"@type\":\"ListItem\",\"position\":2,\"name\":\"Avvolgitrici in Acciaio Inox e Galvanizzate\"}]},{\"@type\":\"WebSite\",\"@id\":\"https:\\\/\\\/www.effe3ti.com\\\/#website\",\"url\":\"https:\\\/\\\/www.effe3ti.com\\\/\",\"name\":\"Effe3ti\",\"description\":\"Packaging Technologies\",\"publisher\":{\"@id\":\"https:\\\/\\\/www.effe3ti.com\\\/#organization\"},\"potentialAction\":[{\"@type\":\"SearchAction\",\"target\":{\"@type\":\"EntryPoint\",\"urlTemplate\":\"https:\\\/\\\/www.effe3ti.com\\\/?s={search_term_string}\"},\"query-input\":{\"@type\":\"PropertyValueSpecification\",\"valueRequired\":true,\"valueName\":\"search_term_string\"}}],\"inLanguage\":\"de\"},{\"@type\":\"Organization\",\"@id\":\"https:\\\/\\\/www.effe3ti.com\\\/#organization\",\"name\":\"Effe3ti\",\"alternateName\":\"f3t\",\"url\":\"https:\\\/\\\/www.effe3ti.com\\\/\",\"logo\":{\"@type\":\"ImageObject\",\"inLanguage\":\"de\",\"@id\":\"https:\\\/\\\/www.effe3ti.com\\\/#\\\/schema\\\/logo\\\/image\\\/\",\"url\":\"https:\\\/\\\/www.effe3ti.com\\\/wp-content\\\/uploads\\\/2021\\\/04\\\/Effe3ti_logo-350.gif\",\"contentUrl\":\"https:\\\/\\\/www.effe3ti.com\\\/wp-content\\\/uploads\\\/2021\\\/04\\\/Effe3ti_logo-350.gif\",\"width\":350,\"height\":128,\"caption\":\"Effe3ti\"},\"image\":{\"@id\":\"https:\\\/\\\/www.effe3ti.com\\\/#\\\/schema\\\/logo\\\/image\\\/\"},\"sameAs\":[\"https:\\\/\\\/www.facebook.com\\\/effe3ti.packaging\",\"https:\\\/\\\/www.instagram.com\\\/EFFE3TI\\\/\",\"https:\\\/\\\/www.linkedin.com\\\/company\\\/effe3ti-srl\",\"https:\\\/\\\/www.youtube.com\\\/effe3ti\"]}]}<\/script>\n<!-- \/ Yoast SEO plugin. -->","yoast_head_json":{"title":"Verpackungsmaschinen aus Edelstahl und verzinktem Stahl - Effe3ti","description":"Verpackungsmaschinen aus Edelstahl und verzinktem Stahl, Spezialmaschinen f\u00fcr den Einsatz in extremen Umgebungen und f\u00fcr den Einsatz in Lebensmitteln geeignet","robots":{"index":"index","follow":"follow","max-snippet":"max-snippet:-1","max-image-preview":"max-image-preview:large","max-video-preview":"max-video-preview:-1"},"canonical":"https:\/\/www.effe3ti.com\/de\/wickelmaschinen-aus-edelstahl-und-verzinktem-stahl\/","og_locale":"de_DE","og_type":"article","og_title":"Avvolgitrici in Acciaio Inox e Galvanizzate - Effe3ti","og_description":"Avvolgitrici in acciaio inox e galvanizzate, macchine speciali per l'utilizzo in ambienti estremi e idonee per l'uso alimentare","og_url":"https:\/\/www.effe3ti.com\/de\/wickelmaschinen-aus-edelstahl-und-verzinktem-stahl\/","og_site_name":"Effe3ti","article_publisher":"https:\/\/www.facebook.com\/effe3ti.packaging","article_modified_time":"2024-10-07T14:39:03+00:00","og_image":[{"width":1038,"height":584,"url":"https:\/\/www.effe3ti.com\/wp-content\/uploads\/2021\/04\/Touch-screen-spinny-auto.jpg","type":"image\/jpeg"}],"twitter_card":"summary_large_image","twitter_misc":{"Gesch\u00e4tzte Lesezeit":"3\u00a0Minuten"},"schema":{"@context":"https:\/\/schema.org","@graph":[{"@type":"WebPage","@id":"https:\/\/www.effe3ti.com\/avvolgitrici-acciaio-inox-e-galvanizzate\/","url":"https:\/\/www.effe3ti.com\/avvolgitrici-acciaio-inox-e-galvanizzate\/","name":"Verpackungsmaschinen aus Edelstahl und verzinktem Stahl - Effe3ti","isPartOf":{"@id":"https:\/\/www.effe3ti.com\/#website"},"primaryImageOfPage":{"@id":"https:\/\/www.effe3ti.com\/avvolgitrici-acciaio-inox-e-galvanizzate\/#primaryimage"},"image":{"@id":"https:\/\/www.effe3ti.com\/avvolgitrici-acciaio-inox-e-galvanizzate\/#primaryimage"},"thumbnailUrl":"https:\/\/www.effe3ti.com\/wp-content\/uploads\/2021\/04\/Touch-screen-spinny-auto.jpg","datePublished":"2023-02-01T17:40:28+00:00","dateModified":"2024-10-07T14:39:03+00:00","description":"Verpackungsmaschinen aus Edelstahl und verzinktem Stahl, Spezialmaschinen f\u00fcr den Einsatz in extremen Umgebungen und f\u00fcr den Einsatz in Lebensmitteln geeignet","breadcrumb":{"@id":"https:\/\/www.effe3ti.com\/avvolgitrici-acciaio-inox-e-galvanizzate\/#breadcrumb"},"inLanguage":"de","potentialAction":[{"@type":"ReadAction","target":["https:\/\/www.effe3ti.com\/avvolgitrici-acciaio-inox-e-galvanizzate\/"]}]},{"@type":"ImageObject","inLanguage":"de","@id":"https:\/\/www.effe3ti.com\/avvolgitrici-acciaio-inox-e-galvanizzate\/#primaryimage","url":"https:\/\/www.effe3ti.com\/wp-content\/uploads\/2021\/04\/Touch-screen-spinny-auto.jpg","contentUrl":"https:\/\/www.effe3ti.com\/wp-content\/uploads\/2021\/04\/Touch-screen-spinny-auto.jpg","width":1038,"height":584,"caption":"effe3ti touch screen"},{"@type":"BreadcrumbList","@id":"https:\/\/www.effe3ti.com\/avvolgitrici-acciaio-inox-e-galvanizzate\/#breadcrumb","itemListElement":[{"@type":"ListItem","position":1,"name":"Home","item":"https:\/\/www.effe3ti.com\/"},{"@type":"ListItem","position":2,"name":"Avvolgitrici in Acciaio Inox e Galvanizzate"}]},{"@type":"WebSite","@id":"https:\/\/www.effe3ti.com\/#website","url":"https:\/\/www.effe3ti.com\/","name":"Effe3ti","description":"Verpackungstechnologien","publisher":{"@id":"https:\/\/www.effe3ti.com\/#organization"},"potentialAction":[{"@type":"SearchAction","target":{"@type":"EntryPoint","urlTemplate":"https:\/\/www.effe3ti.com\/?s={search_term_string}"},"query-input":{"@type":"PropertyValueSpecification","valueRequired":true,"valueName":"search_term_string"}}],"inLanguage":"de"},{"@type":"Organization","@id":"https:\/\/www.effe3ti.com\/#organization","name":"Effe3ti","alternateName":"f3t","url":"https:\/\/www.effe3ti.com\/","logo":{"@type":"ImageObject","inLanguage":"de","@id":"https:\/\/www.effe3ti.com\/#\/schema\/logo\/image\/","url":"https:\/\/www.effe3ti.com\/wp-content\/uploads\/2021\/04\/Effe3ti_logo-350.gif","contentUrl":"https:\/\/www.effe3ti.com\/wp-content\/uploads\/2021\/04\/Effe3ti_logo-350.gif","width":350,"height":128,"caption":"Effe3ti"},"image":{"@id":"https:\/\/www.effe3ti.com\/#\/schema\/logo\/image\/"},"sameAs":["https:\/\/www.facebook.com\/effe3ti.packaging","https:\/\/www.instagram.com\/EFFE3TI\/","https:\/\/www.linkedin.com\/company\/effe3ti-srl","https:\/\/www.youtube.com\/effe3ti"]}]}},"_links":{"self":[{"href":"https:\/\/www.effe3ti.com\/de\/wp-json\/wp\/v2\/pages\/10442","targetHints":{"allow":["GET"]}}],"collection":[{"href":"https:\/\/www.effe3ti.com\/de\/wp-json\/wp\/v2\/pages"}],"about":[{"href":"https:\/\/www.effe3ti.com\/de\/wp-json\/wp\/v2\/types\/page"}],"author":[{"embeddable":true,"href":"https:\/\/www.effe3ti.com\/de\/wp-json\/wp\/v2\/users\/1"}],"replies":[{"embeddable":true,"href":"https:\/\/www.effe3ti.com\/de\/wp-json\/wp\/v2\/comments?post=10442"}],"version-history":[{"count":0,"href":"https:\/\/www.effe3ti.com\/de\/wp-json\/wp\/v2\/pages\/10442\/revisions"}],"wp:featuredmedia":[{"embeddable":true,"href":"https:\/\/www.effe3ti.com\/de\/wp-json\/wp\/v2\/media\/4058"}],"wp:attachment":[{"href":"https:\/\/www.effe3ti.com\/de\/wp-json\/wp\/v2\/media?parent=10442"}],"curies":[{"name":"wp","href":"https:\/\/api.w.org\/{rel}","templated":true}]}}