{"id":10442,"date":"2023-02-01T17:40:28","date_gmt":"2023-02-01T17:40:28","guid":{"rendered":"https:\/\/www.effe3ti.com\/?page_id=10442"},"modified":"2024-10-07T14:39:03","modified_gmt":"2024-10-07T14:39:03","slug":"bobinadoras-de-acero-inoxidable-y-galvanizadas","status":"publish","type":"page","link":"https:\/\/www.effe3ti.com\/es\/avvolgitrici-acciaio-inox-e-galvanizzate\/","title":{"rendered":"M\u00e1quinas de envoltura de acero inoxidable y galvanizado"},"content":{"rendered":"<div data-elementor-type=\"wp-page\" data-elementor-id=\"10442\" class=\"elementor elementor-10442\" data-elementor-post-type=\"page\">\n\t\t\t\t\t\t<section class=\"elementor-section elementor-top-section elementor-element elementor-element-7feea01 elementor-section-full_width elementor-section-height-default elementor-section-height-default\" data-id=\"7feea01\" data-element_type=\"section\" data-e-type=\"section\">\n\t\t\t\t\t\t<div class=\"elementor-container elementor-column-gap-no\">\n\t\t\t\t\t<div class=\"elementor-column elementor-col-100 elementor-top-column elementor-element elementor-element-b87cc80\" data-id=\"b87cc80\" data-element_type=\"column\" data-e-type=\"column\">\n\t\t\t<div class=\"elementor-widget-wrap elementor-element-populated\">\n\t\t\t\t\t\t<div class=\"elementor-element elementor-element-84ba152 elementor--h-position-center elementor--v-position-middle elementor-arrows-position-inside elementor-pagination-position-inside elementor-widget elementor-widget-slides\" data-id=\"84ba152\" data-element_type=\"widget\" data-e-type=\"widget\" data-settings=\"{&quot;navigation&quot;:&quot;both&quot;,&quot;autoplay&quot;:&quot;yes&quot;,&quot;pause_on_hover&quot;:&quot;yes&quot;,&quot;pause_on_interaction&quot;:&quot;yes&quot;,&quot;autoplay_speed&quot;:5000,&quot;infinite&quot;:&quot;yes&quot;,&quot;transition&quot;:&quot;slide&quot;,&quot;transition_speed&quot;:500}\" data-widget_type=\"slides.default\">\n\t\t\t\t<div class=\"elementor-widget-container\">\n\t\t\t\t\t\t\t\t\t<div class=\"elementor-swiper\">\n\t\t\t\t\t<div class=\"elementor-slides-wrapper elementor-main-swiper swiper\" role=\"region\" aria-roledescription=\"carousel\" aria-label=\"Diapositivas\" dir=\"ltr\" data-animation=\"fadeInUp\">\n\t\t\t\t<div class=\"swiper-wrapper elementor-slides\">\n\t\t\t\t\t\t\t\t\t\t<div class=\"elementor-repeater-item-94ebbb0 swiper-slide\" role=\"group\" aria-roledescription=\"slide\"><div class=\"swiper-slide-bg\" role=\"img\" aria-label=\"L\u00ednea de embalaje anticorrosi\u00f3n\"><\/div><div class=\"swiper-slide-inner\" ><div class=\"swiper-slide-contents\"><\/div><\/div><\/div>\t\t\t\t<\/div>\n\t\t\t\t\t\t\t<\/div>\n\t\t\t\t<\/div>\n\t\t\t\t\t\t\t\t<\/div>\n\t\t\t\t<\/div>\n\t\t\t\t\t<\/div>\n\t\t<\/div>\n\t\t\t\t\t<\/div>\n\t\t<\/section>\n\t\t\t\t<section class=\"elementor-section elementor-top-section elementor-element elementor-element-f23ce68 elementor-section-boxed elementor-section-height-default elementor-section-height-default\" data-id=\"f23ce68\" data-element_type=\"section\" data-e-type=\"section\" data-settings=\"{&quot;background_background&quot;:&quot;classic&quot;}\">\n\t\t\t\t\t\t<div class=\"elementor-container elementor-column-gap-default\">\n\t\t\t\t\t<div class=\"elementor-column elementor-col-100 elementor-top-column elementor-element elementor-element-fce886c\" data-id=\"fce886c\" data-element_type=\"column\" data-e-type=\"column\">\n\t\t\t<div class=\"elementor-widget-wrap elementor-element-populated\">\n\t\t\t\t\t\t<div class=\"elementor-element elementor-element-32d9512 elementor-widget elementor-widget-text-editor\" data-id=\"32d9512\" data-element_type=\"widget\" data-e-type=\"widget\" data-widget_type=\"text-editor.default\">\n\t\t\t\t<div class=\"elementor-widget-container\">\n\t\t\t\t\t\t\t\t\t<h3>El uso de una m\u00e1quina envolvedora de palets no se limita a las zonas donde se env\u00edan mercanc\u00edas. De hecho, son muchas las empresas que necesitan envolver palets de sus productos con film estirable en zonas de la empresa que podemos definir como \u201cat\u00edpicas\u201d.<\/h3><p>Hablemos por ejemplo de empresas que se dedican a productos <a href=\"https:\/\/www.effe3ti.com\/es\/comida-y-bebida\/\">\u201ccomida y bebida\u201d<\/a>, buque insignia de la econom\u00eda italiana, que a menudo envuelven sus palets de producto directamente en c\u00e1maras frigor\u00edficas con temperaturas muy por debajo de cero, o bien empresas que operan en ambientes extremos con altos porcentajes de humedad o en presencia de agentes corrosivos.<\/p>\t\t\t\t\t\t\t\t<\/div>\n\t\t\t\t<\/div>\n\t\t\t\t\t<\/div>\n\t\t<\/div>\n\t\t\t\t\t<\/div>\n\t\t<\/section>\n\t\t\t\t<section class=\"elementor-section elementor-top-section elementor-element elementor-element-55503ff elementor-section-boxed elementor-section-height-default elementor-section-height-default\" data-id=\"55503ff\" data-element_type=\"section\" data-e-type=\"section\">\n\t\t\t\t\t\t<div class=\"elementor-container elementor-column-gap-default\">\n\t\t\t\t\t<div class=\"elementor-column elementor-col-100 elementor-top-column elementor-element elementor-element-638604d\" data-id=\"638604d\" data-element_type=\"column\" data-e-type=\"column\">\n\t\t\t<div class=\"elementor-widget-wrap elementor-element-populated\">\n\t\t\t\t\t\t<div class=\"elementor-element elementor-element-b223983 elementor-widget elementor-widget-heading\" data-id=\"b223983\" data-element_type=\"widget\" data-e-type=\"widget\" data-widget_type=\"heading.default\">\n\t\t\t\t<div class=\"elementor-widget-container\">\n\t\t\t\t\t<h2 class=\"elementor-heading-title elementor-size-default\">M\u00e1quinas de envoltura de acero inoxidable<\/h2>\t\t\t\t<\/div>\n\t\t\t\t<\/div>\n\t\t\t\t\t<\/div>\n\t\t<\/div>\n\t\t\t\t\t<\/div>\n\t\t<\/section>\n\t\t\t\t<section class=\"elementor-section elementor-top-section elementor-element elementor-element-f86e8ec elementor-section-boxed elementor-section-height-default elementor-section-height-default elementor-invisible\" data-id=\"f86e8ec\" data-element_type=\"section\" data-e-type=\"section\" data-settings=\"{&quot;animation&quot;:&quot;fadeInUp&quot;}\">\n\t\t\t\t\t\t<div class=\"elementor-container elementor-column-gap-default\">\n\t\t\t\t\t<div class=\"elementor-column elementor-col-50 elementor-top-column elementor-element elementor-element-d40f26e\" data-id=\"d40f26e\" data-element_type=\"column\" data-e-type=\"column\">\n\t\t\t<div class=\"elementor-widget-wrap elementor-element-populated\">\n\t\t\t\t\t\t<div class=\"elementor-element elementor-element-7bdddb8 elementor-widget elementor-widget-text-editor\" data-id=\"7bdddb8\" data-element_type=\"widget\" data-e-type=\"widget\" data-widget_type=\"text-editor.default\">\n\t\t\t\t<div class=\"elementor-widget-container\">\n\t\t\t\t\t\t\t\t\t<p>La mejor soluci\u00f3n en estos casos es confiar en m\u00e1quinas especiales que puedan soportar estos entornos hostiles.<\/p><p><strong><a href=\"https:\/\/www.effe3ti.com\/es\/la-fuerza-del-acero\/\">Envolvedoras de palets de acero inoxidable<\/a><\/strong> Son una opci\u00f3n ideal para empresas que trabajan con alimentos o productos qu\u00edmicos. El acero inoxidable es un material muy resistente, por lo que es ideal para ambientes h\u00famedos y en contacto con sustancias corrosivas.<\/p><p>Est\u00e1n dise\u00f1adas para envolver pallets con film estirable de forma r\u00e1pida y sencilla, protegiendo as\u00ed los productos del polvo, la humedad y la contaminaci\u00f3n.<\/p>\t\t\t\t\t\t\t\t<\/div>\n\t\t\t\t<\/div>\n\t\t\t\t\t<\/div>\n\t\t<\/div>\n\t\t\t\t<div class=\"elementor-column elementor-col-50 elementor-top-column elementor-element elementor-element-7042c0a\" data-id=\"7042c0a\" data-element_type=\"column\" data-e-type=\"column\">\n\t\t\t<div class=\"elementor-widget-wrap elementor-element-populated\">\n\t\t\t\t\t\t<div class=\"elementor-element elementor-element-24ea1d9 elementor-widget elementor-widget-image\" data-id=\"24ea1d9\" data-element_type=\"widget\" data-e-type=\"widget\" data-widget_type=\"image.default\">\n\t\t\t\t<div class=\"elementor-widget-container\">\n\t\t\t\t\t\t\t\t\t\t\t\t\t\t\t<img fetchpriority=\"high\" decoding=\"async\" width=\"800\" height=\"534\" src=\"https:\/\/www.effe3ti.com\/wp-content\/uploads\/2023\/01\/Spinny-s2300-inox-1024x683.jpg\" class=\"attachment-large size-large wp-image-10450\" alt=\"Spinny S2300 Acero inoxidable\" srcset=\"https:\/\/www.effe3ti.com\/wp-content\/uploads\/2023\/01\/Spinny-s2300-inox-1024x683.jpg 1024w, https:\/\/www.effe3ti.com\/wp-content\/uploads\/2023\/01\/Spinny-s2300-inox-scaled-600x400.jpg 600w, https:\/\/www.effe3ti.com\/wp-content\/uploads\/2023\/01\/Spinny-s2300-inox-300x200.jpg 300w, https:\/\/www.effe3ti.com\/wp-content\/uploads\/2023\/01\/Spinny-s2300-inox-768x512.jpg 768w, https:\/\/www.effe3ti.com\/wp-content\/uploads\/2023\/01\/Spinny-s2300-inox-1536x1024.jpg 1536w, https:\/\/www.effe3ti.com\/wp-content\/uploads\/2023\/01\/Spinny-s2300-inox-2048x1365.jpg 2048w\" sizes=\"(max-width: 800px) 100vw, 800px\" \/>\t\t\t\t\t\t\t\t\t\t\t\t\t\t\t<\/div>\n\t\t\t\t<\/div>\n\t\t\t\t\t<\/div>\n\t\t<\/div>\n\t\t\t\t\t<\/div>\n\t\t<\/section>\n\t\t\t\t<section class=\"elementor-section elementor-top-section elementor-element elementor-element-fe9241b elementor-section-boxed elementor-section-height-default elementor-section-height-default\" data-id=\"fe9241b\" data-element_type=\"section\" data-e-type=\"section\">\n\t\t\t\t\t\t<div class=\"elementor-container elementor-column-gap-default\">\n\t\t\t\t\t<div class=\"elementor-column elementor-col-100 elementor-top-column elementor-element elementor-element-466cb1c\" data-id=\"466cb1c\" data-element_type=\"column\" data-e-type=\"column\">\n\t\t\t<div class=\"elementor-widget-wrap elementor-element-populated\">\n\t\t\t\t\t\t<div class=\"elementor-element elementor-element-3acb636 elementor-widget elementor-widget-text-editor\" data-id=\"3acb636\" data-element_type=\"widget\" data-e-type=\"widget\" data-widget_type=\"text-editor.default\">\n\t\t\t\t<div class=\"elementor-widget-container\">\n\t\t\t\t\t\t\t\t\t<p>Una de las caracter\u00edsticas m\u00e1s importantes de las envolvedoras de palets de acero inoxidable es su facilidad de limpieza y mantenimiento. Se pueden limpiar f\u00e1cilmente con detergentes y desinfectantes, lo que los hace adecuados para su uso en la industria alimentaria y farmac\u00e9utica.<\/p>\t\t\t\t\t\t\t\t<\/div>\n\t\t\t\t<\/div>\n\t\t\t\t\t<\/div>\n\t\t<\/div>\n\t\t\t\t\t<\/div>\n\t\t<\/section>\n\t\t\t\t<section class=\"elementor-section elementor-top-section elementor-element elementor-element-55f59b1 elementor-section-boxed elementor-section-height-default elementor-section-height-default\" data-id=\"55f59b1\" data-element_type=\"section\" data-e-type=\"section\">\n\t\t\t\t\t\t<div class=\"elementor-container elementor-column-gap-default\">\n\t\t\t\t\t<div class=\"elementor-column elementor-col-100 elementor-top-column elementor-element elementor-element-1206813\" data-id=\"1206813\" data-element_type=\"column\" data-e-type=\"column\">\n\t\t\t<div class=\"elementor-widget-wrap elementor-element-populated\">\n\t\t\t\t\t\t<div class=\"elementor-element elementor-element-a8bcb7d elementor-widget elementor-widget-heading\" data-id=\"a8bcb7d\" data-element_type=\"widget\" data-e-type=\"widget\" data-widget_type=\"heading.default\">\n\t\t\t\t<div class=\"elementor-widget-container\">\n\t\t\t\t\t<h2 class=\"elementor-heading-title elementor-size-default\">M\u00e1quinas de envoltura galvanizada<\/h2>\t\t\t\t<\/div>\n\t\t\t\t<\/div>\n\t\t\t\t\t<\/div>\n\t\t<\/div>\n\t\t\t\t\t<\/div>\n\t\t<\/section>\n\t\t\t\t<section class=\"elementor-section elementor-top-section elementor-element elementor-element-8ea044a elementor-section-boxed elementor-section-height-default elementor-section-height-default elementor-invisible\" data-id=\"8ea044a\" data-element_type=\"section\" data-e-type=\"section\" data-settings=\"{&quot;animation&quot;:&quot;fadeInUp&quot;}\">\n\t\t\t\t\t\t<div class=\"elementor-container elementor-column-gap-default\">\n\t\t\t\t\t<div class=\"elementor-column elementor-col-50 elementor-top-column elementor-element elementor-element-0606eff\" data-id=\"0606eff\" data-element_type=\"column\" data-e-type=\"column\">\n\t\t\t<div class=\"elementor-widget-wrap elementor-element-populated\">\n\t\t\t\t\t\t<div class=\"elementor-element elementor-element-8b1aba0 elementor-widget elementor-widget-text-editor\" data-id=\"8b1aba0\" data-element_type=\"widget\" data-e-type=\"widget\" data-widget_type=\"text-editor.default\">\n\t\t\t\t<div class=\"elementor-widget-container\">\n\t\t\t\t\t\t\t\t\t<p>Una alternativa al acero inoxidable es el tratamiento de galvanizaci\u00f3n.<\/p><p>Aunque es menos noble que el acero inoxidable, el metal tratado con galvanizaci\u00f3n limita la formaci\u00f3n de \u00f3xido y, por tanto, protege la m\u00e1quina de la corrosi\u00f3n.<\/p><p>Las envolvedoras galvanizadas tambi\u00e9n son adecuadas para trabajar en ambientes h\u00famedos o en presencia de sustancias corrosivas y suelen ser m\u00e1s econ\u00f3micas que las m\u00e1quinas de acero inoxidable.<\/p>\t\t\t\t\t\t\t\t<\/div>\n\t\t\t\t<\/div>\n\t\t\t\t\t<\/div>\n\t\t<\/div>\n\t\t\t\t<div class=\"elementor-column elementor-col-50 elementor-top-column elementor-element elementor-element-86f1ee1\" data-id=\"86f1ee1\" data-element_type=\"column\" data-e-type=\"column\">\n\t\t\t<div class=\"elementor-widget-wrap elementor-element-populated\">\n\t\t\t\t\t\t<div class=\"elementor-element elementor-element-3ed0f66 elementor-widget elementor-widget-image\" data-id=\"3ed0f66\" data-element_type=\"widget\" data-e-type=\"widget\" data-widget_type=\"image.default\">\n\t\t\t\t<div class=\"elementor-widget-container\">\n\t\t\t\t\t\t\t\t\t\t\t\t\t\t\t<img decoding=\"async\" width=\"800\" height=\"450\" src=\"https:\/\/www.effe3ti.com\/wp-content\/uploads\/2023\/02\/S2300-Galvanizzata-1024x576.jpg\" class=\"attachment-large size-large wp-image-10650\" alt=\"L\u00ednea de embalaje anticorrosi\u00f3n\" srcset=\"https:\/\/www.effe3ti.com\/wp-content\/uploads\/2023\/02\/S2300-Galvanizzata-1024x576.jpg 1024w, https:\/\/www.effe3ti.com\/wp-content\/uploads\/2023\/02\/S2300-Galvanizzata-600x337.jpg 600w, https:\/\/www.effe3ti.com\/wp-content\/uploads\/2023\/02\/S2300-Galvanizzata-300x169.jpg 300w, https:\/\/www.effe3ti.com\/wp-content\/uploads\/2023\/02\/S2300-Galvanizzata-768x432.jpg 768w, https:\/\/www.effe3ti.com\/wp-content\/uploads\/2023\/02\/S2300-Galvanizzata-1536x864.jpg 1536w, https:\/\/www.effe3ti.com\/wp-content\/uploads\/2023\/02\/S2300-Galvanizzata-2048x1152.jpg 2048w\" sizes=\"(max-width: 800px) 100vw, 800px\" \/>\t\t\t\t\t\t\t\t\t\t\t\t\t\t\t<\/div>\n\t\t\t\t<\/div>\n\t\t\t\t\t<\/div>\n\t\t<\/div>\n\t\t\t\t\t<\/div>\n\t\t<\/section>\n\t\t\t\t<section class=\"elementor-section elementor-top-section elementor-element elementor-element-9b5884c elementor-section-boxed elementor-section-height-default elementor-section-height-default\" data-id=\"9b5884c\" data-element_type=\"section\" data-e-type=\"section\">\n\t\t\t\t\t\t<div class=\"elementor-container elementor-column-gap-default\">\n\t\t\t\t\t<div class=\"elementor-column elementor-col-100 elementor-top-column elementor-element elementor-element-19b6f7a\" data-id=\"19b6f7a\" data-element_type=\"column\" data-e-type=\"column\">\n\t\t\t<div class=\"elementor-widget-wrap elementor-element-populated\">\n\t\t\t\t\t\t<div class=\"elementor-element elementor-element-4a76232 elementor-widget elementor-widget-text-editor\" data-id=\"4a76232\" data-element_type=\"widget\" data-e-type=\"widget\" data-widget_type=\"text-editor.default\">\n\t\t\t\t<div class=\"elementor-widget-container\">\n\t\t\t\t\t\t\t\t\t<p>EFFE3ti produce m\u00e1quinas <a href=\"https:\/\/www.effe3ti.com\/es\/maquinas-de-envoltura-con-plataforma-giratoria\/\">m\u00e1quinas para envolver mesas<\/a> o <a href=\"https:\/\/www.effe3ti.com\/es\/maquinas-de-envoltura-con-brazo-giratorio\/\">brazo giratorio<\/a> para cada tipo de necesidad, incluso en acero inoxidable o galvanizado.<\/p><p><a href=\"https:\/\/www.effe3ti.com\/es\/contactos\/\"><strong>\u00a1Ll\u00e1manos o ven a visitarnos para toda la informaci\u00f3n!<\/strong><\/a><\/p>\t\t\t\t\t\t\t\t<\/div>\n\t\t\t\t<\/div>\n\t\t\t\t\t<\/div>\n\t\t<\/div>\n\t\t\t\t\t<\/div>\n\t\t<\/section>\n\t\t\t\t<\/div>","protected":false},"excerpt":{"rendered":"<p>L&#8217;utilizzo di una macchina fasciapallet non \u00e8 limitato soltanto alle zone di spedizione della merce. Sono molte, infatti, le aziende che necessitano di avvolgere con film estensibile i pallet dei loro prodotti in zone dell&#8217;azienda che possiamo definire &#8220;inusuali&#8221;. Parliamo ad esempio di aziende che trattano prodotti &#8220;food &amp; beverage&#8221;, fiore all&#8217;occhiello dell&#8217;economia italiana, che [&hellip;]<\/p>\n","protected":false},"author":1,"featured_media":4058,"parent":0,"menu_order":0,"comment_status":"closed","ping_status":"closed","template":"","meta":{"footnotes":""},"class_list":["post-10442","page","type-page","status-publish","has-post-thumbnail","hentry"],"yoast_head":"<!-- This site is optimized with the Yoast SEO plugin v27.5 - https:\/\/yoast.com\/product\/yoast-seo-wordpress\/ -->\n<title>Avvolgitrici in Acciaio Inox e Galvanizzate - Effe3ti<\/title>\n<meta name=\"description\" content=\"Avvolgitrici in acciaio inox e galvanizzate, macchine speciali per l&#039;utilizzo in ambienti estremi e idonee per l&#039;uso alimentare\" \/>\n<meta name=\"robots\" content=\"index, follow, max-snippet:-1, max-image-preview:large, max-video-preview:-1\" \/>\n<link rel=\"canonical\" href=\"https:\/\/www.effe3ti.com\/es\/bobinadoras-de-acero-inoxidable-y-galvanizadas\/\" \/>\n<meta property=\"og:locale\" content=\"es_ES\" \/>\n<meta property=\"og:type\" content=\"article\" \/>\n<meta property=\"og:title\" content=\"Avvolgitrici in Acciaio Inox e Galvanizzate - Effe3ti\" \/>\n<meta property=\"og:description\" content=\"Avvolgitrici in acciaio inox e galvanizzate, macchine speciali per l&#039;utilizzo in ambienti estremi e idonee per l&#039;uso alimentare\" \/>\n<meta property=\"og:url\" content=\"https:\/\/www.effe3ti.com\/es\/bobinadoras-de-acero-inoxidable-y-galvanizadas\/\" \/>\n<meta property=\"og:site_name\" content=\"Effe3ti\" \/>\n<meta property=\"article:publisher\" content=\"https:\/\/www.facebook.com\/effe3ti.packaging\" \/>\n<meta property=\"article:modified_time\" content=\"2024-10-07T14:39:03+00:00\" \/>\n<meta property=\"og:image\" content=\"https:\/\/www.effe3ti.com\/wp-content\/uploads\/2021\/04\/Touch-screen-spinny-auto.jpg\" \/>\n\t<meta property=\"og:image:width\" content=\"1038\" \/>\n\t<meta property=\"og:image:height\" content=\"584\" \/>\n\t<meta property=\"og:image:type\" content=\"image\/jpeg\" \/>\n<meta name=\"twitter:card\" content=\"summary_large_image\" \/>\n<meta name=\"twitter:label1\" content=\"Tiempo de lectura\" \/>\n\t<meta name=\"twitter:data1\" content=\"3 minutos\" \/>\n<script type=\"application\/ld+json\" class=\"yoast-schema-graph\">{\"@context\":\"https:\\\/\\\/schema.org\",\"@graph\":[{\"@type\":\"WebPage\",\"@id\":\"https:\\\/\\\/www.effe3ti.com\\\/avvolgitrici-acciaio-inox-e-galvanizzate\\\/\",\"url\":\"https:\\\/\\\/www.effe3ti.com\\\/avvolgitrici-acciaio-inox-e-galvanizzate\\\/\",\"name\":\"Avvolgitrici in Acciaio Inox e Galvanizzate - Effe3ti\",\"isPartOf\":{\"@id\":\"https:\\\/\\\/www.effe3ti.com\\\/#website\"},\"primaryImageOfPage\":{\"@id\":\"https:\\\/\\\/www.effe3ti.com\\\/avvolgitrici-acciaio-inox-e-galvanizzate\\\/#primaryimage\"},\"image\":{\"@id\":\"https:\\\/\\\/www.effe3ti.com\\\/avvolgitrici-acciaio-inox-e-galvanizzate\\\/#primaryimage\"},\"thumbnailUrl\":\"https:\\\/\\\/www.effe3ti.com\\\/wp-content\\\/uploads\\\/2021\\\/04\\\/Touch-screen-spinny-auto.jpg\",\"datePublished\":\"2023-02-01T17:40:28+00:00\",\"dateModified\":\"2024-10-07T14:39:03+00:00\",\"description\":\"Avvolgitrici in acciaio inox e galvanizzate, macchine speciali per l'utilizzo in ambienti estremi e idonee per l'uso alimentare\",\"breadcrumb\":{\"@id\":\"https:\\\/\\\/www.effe3ti.com\\\/avvolgitrici-acciaio-inox-e-galvanizzate\\\/#breadcrumb\"},\"inLanguage\":\"es\",\"potentialAction\":[{\"@type\":\"ReadAction\",\"target\":[\"https:\\\/\\\/www.effe3ti.com\\\/avvolgitrici-acciaio-inox-e-galvanizzate\\\/\"]}]},{\"@type\":\"ImageObject\",\"inLanguage\":\"es\",\"@id\":\"https:\\\/\\\/www.effe3ti.com\\\/avvolgitrici-acciaio-inox-e-galvanizzate\\\/#primaryimage\",\"url\":\"https:\\\/\\\/www.effe3ti.com\\\/wp-content\\\/uploads\\\/2021\\\/04\\\/Touch-screen-spinny-auto.jpg\",\"contentUrl\":\"https:\\\/\\\/www.effe3ti.com\\\/wp-content\\\/uploads\\\/2021\\\/04\\\/Touch-screen-spinny-auto.jpg\",\"width\":1038,\"height\":584,\"caption\":\"effe3ti touch screen\"},{\"@type\":\"BreadcrumbList\",\"@id\":\"https:\\\/\\\/www.effe3ti.com\\\/avvolgitrici-acciaio-inox-e-galvanizzate\\\/#breadcrumb\",\"itemListElement\":[{\"@type\":\"ListItem\",\"position\":1,\"name\":\"Home\",\"item\":\"https:\\\/\\\/www.effe3ti.com\\\/\"},{\"@type\":\"ListItem\",\"position\":2,\"name\":\"Avvolgitrici in Acciaio Inox e Galvanizzate\"}]},{\"@type\":\"WebSite\",\"@id\":\"https:\\\/\\\/www.effe3ti.com\\\/#website\",\"url\":\"https:\\\/\\\/www.effe3ti.com\\\/\",\"name\":\"Effe3ti\",\"description\":\"Packaging Technologies\",\"publisher\":{\"@id\":\"https:\\\/\\\/www.effe3ti.com\\\/#organization\"},\"potentialAction\":[{\"@type\":\"SearchAction\",\"target\":{\"@type\":\"EntryPoint\",\"urlTemplate\":\"https:\\\/\\\/www.effe3ti.com\\\/?s={search_term_string}\"},\"query-input\":{\"@type\":\"PropertyValueSpecification\",\"valueRequired\":true,\"valueName\":\"search_term_string\"}}],\"inLanguage\":\"es\"},{\"@type\":\"Organization\",\"@id\":\"https:\\\/\\\/www.effe3ti.com\\\/#organization\",\"name\":\"Effe3ti\",\"alternateName\":\"f3t\",\"url\":\"https:\\\/\\\/www.effe3ti.com\\\/\",\"logo\":{\"@type\":\"ImageObject\",\"inLanguage\":\"es\",\"@id\":\"https:\\\/\\\/www.effe3ti.com\\\/#\\\/schema\\\/logo\\\/image\\\/\",\"url\":\"https:\\\/\\\/www.effe3ti.com\\\/wp-content\\\/uploads\\\/2021\\\/04\\\/Effe3ti_logo-350.gif\",\"contentUrl\":\"https:\\\/\\\/www.effe3ti.com\\\/wp-content\\\/uploads\\\/2021\\\/04\\\/Effe3ti_logo-350.gif\",\"width\":350,\"height\":128,\"caption\":\"Effe3ti\"},\"image\":{\"@id\":\"https:\\\/\\\/www.effe3ti.com\\\/#\\\/schema\\\/logo\\\/image\\\/\"},\"sameAs\":[\"https:\\\/\\\/www.facebook.com\\\/effe3ti.packaging\",\"https:\\\/\\\/www.instagram.com\\\/EFFE3TI\\\/\",\"https:\\\/\\\/www.linkedin.com\\\/company\\\/effe3ti-srl\",\"https:\\\/\\\/www.youtube.com\\\/effe3ti\"]}]}<\/script>\n<!-- \/ Yoast SEO plugin. -->","yoast_head_json":{"title":"M\u00e1quinas de embalaje de acero inoxidable y galvanizado - Effe3ti","description":"Envolvedoras de acero inoxidable y galvanizadas, m\u00e1quinas especiales para uso en ambientes extremos y aptas para uso alimentario.","robots":{"index":"index","follow":"follow","max-snippet":"max-snippet:-1","max-image-preview":"max-image-preview:large","max-video-preview":"max-video-preview:-1"},"canonical":"https:\/\/www.effe3ti.com\/es\/bobinadoras-de-acero-inoxidable-y-galvanizadas\/","og_locale":"es_ES","og_type":"article","og_title":"Avvolgitrici in Acciaio Inox e Galvanizzate - Effe3ti","og_description":"Avvolgitrici in acciaio inox e galvanizzate, macchine speciali per l'utilizzo in ambienti estremi e idonee per l'uso alimentare","og_url":"https:\/\/www.effe3ti.com\/es\/bobinadoras-de-acero-inoxidable-y-galvanizadas\/","og_site_name":"Effe3ti","article_publisher":"https:\/\/www.facebook.com\/effe3ti.packaging","article_modified_time":"2024-10-07T14:39:03+00:00","og_image":[{"width":1038,"height":584,"url":"https:\/\/www.effe3ti.com\/wp-content\/uploads\/2021\/04\/Touch-screen-spinny-auto.jpg","type":"image\/jpeg"}],"twitter_card":"summary_large_image","twitter_misc":{"Tiempo de lectura":"3 minutos"},"schema":{"@context":"https:\/\/schema.org","@graph":[{"@type":"WebPage","@id":"https:\/\/www.effe3ti.com\/avvolgitrici-acciaio-inox-e-galvanizzate\/","url":"https:\/\/www.effe3ti.com\/avvolgitrici-acciaio-inox-e-galvanizzate\/","name":"M\u00e1quinas de embalaje de acero inoxidable y galvanizado - Effe3ti","isPartOf":{"@id":"https:\/\/www.effe3ti.com\/#website"},"primaryImageOfPage":{"@id":"https:\/\/www.effe3ti.com\/avvolgitrici-acciaio-inox-e-galvanizzate\/#primaryimage"},"image":{"@id":"https:\/\/www.effe3ti.com\/avvolgitrici-acciaio-inox-e-galvanizzate\/#primaryimage"},"thumbnailUrl":"https:\/\/www.effe3ti.com\/wp-content\/uploads\/2021\/04\/Touch-screen-spinny-auto.jpg","datePublished":"2023-02-01T17:40:28+00:00","dateModified":"2024-10-07T14:39:03+00:00","description":"Envolvedoras de acero inoxidable y galvanizadas, m\u00e1quinas especiales para uso en ambientes extremos y aptas para uso alimentario.","breadcrumb":{"@id":"https:\/\/www.effe3ti.com\/avvolgitrici-acciaio-inox-e-galvanizzate\/#breadcrumb"},"inLanguage":"es","potentialAction":[{"@type":"ReadAction","target":["https:\/\/www.effe3ti.com\/avvolgitrici-acciaio-inox-e-galvanizzate\/"]}]},{"@type":"ImageObject","inLanguage":"es","@id":"https:\/\/www.effe3ti.com\/avvolgitrici-acciaio-inox-e-galvanizzate\/#primaryimage","url":"https:\/\/www.effe3ti.com\/wp-content\/uploads\/2021\/04\/Touch-screen-spinny-auto.jpg","contentUrl":"https:\/\/www.effe3ti.com\/wp-content\/uploads\/2021\/04\/Touch-screen-spinny-auto.jpg","width":1038,"height":584,"caption":"effe3ti touch screen"},{"@type":"BreadcrumbList","@id":"https:\/\/www.effe3ti.com\/avvolgitrici-acciaio-inox-e-galvanizzate\/#breadcrumb","itemListElement":[{"@type":"ListItem","position":1,"name":"Home","item":"https:\/\/www.effe3ti.com\/"},{"@type":"ListItem","position":2,"name":"Avvolgitrici in Acciaio Inox e Galvanizzate"}]},{"@type":"WebSite","@id":"https:\/\/www.effe3ti.com\/#website","url":"https:\/\/www.effe3ti.com\/","name":"Efectos","description":"Tecnolog\u00edas de embalaje","publisher":{"@id":"https:\/\/www.effe3ti.com\/#organization"},"potentialAction":[{"@type":"SearchAction","target":{"@type":"EntryPoint","urlTemplate":"https:\/\/www.effe3ti.com\/?s={search_term_string}"},"query-input":{"@type":"PropertyValueSpecification","valueRequired":true,"valueName":"search_term_string"}}],"inLanguage":"es"},{"@type":"Organization","@id":"https:\/\/www.effe3ti.com\/#organization","name":"Efectos","alternateName":"f3t","url":"https:\/\/www.effe3ti.com\/","logo":{"@type":"ImageObject","inLanguage":"es","@id":"https:\/\/www.effe3ti.com\/#\/schema\/logo\/image\/","url":"https:\/\/www.effe3ti.com\/wp-content\/uploads\/2021\/04\/Effe3ti_logo-350.gif","contentUrl":"https:\/\/www.effe3ti.com\/wp-content\/uploads\/2021\/04\/Effe3ti_logo-350.gif","width":350,"height":128,"caption":"Effe3ti"},"image":{"@id":"https:\/\/www.effe3ti.com\/#\/schema\/logo\/image\/"},"sameAs":["https:\/\/www.facebook.com\/effe3ti.packaging","https:\/\/www.instagram.com\/EFFE3TI\/","https:\/\/www.linkedin.com\/company\/effe3ti-srl","https:\/\/www.youtube.com\/effe3ti"]}]}},"_links":{"self":[{"href":"https:\/\/www.effe3ti.com\/es\/wp-json\/wp\/v2\/pages\/10442","targetHints":{"allow":["GET"]}}],"collection":[{"href":"https:\/\/www.effe3ti.com\/es\/wp-json\/wp\/v2\/pages"}],"about":[{"href":"https:\/\/www.effe3ti.com\/es\/wp-json\/wp\/v2\/types\/page"}],"author":[{"embeddable":true,"href":"https:\/\/www.effe3ti.com\/es\/wp-json\/wp\/v2\/users\/1"}],"replies":[{"embeddable":true,"href":"https:\/\/www.effe3ti.com\/es\/wp-json\/wp\/v2\/comments?post=10442"}],"version-history":[{"count":0,"href":"https:\/\/www.effe3ti.com\/es\/wp-json\/wp\/v2\/pages\/10442\/revisions"}],"wp:featuredmedia":[{"embeddable":true,"href":"https:\/\/www.effe3ti.com\/es\/wp-json\/wp\/v2\/media\/4058"}],"wp:attachment":[{"href":"https:\/\/www.effe3ti.com\/es\/wp-json\/wp\/v2\/media?parent=10442"}],"curies":[{"name":"wp","href":"https:\/\/api.w.org\/{rel}","templated":true}]}}