{"id":923,"date":"2021-04-08T09:30:30","date_gmt":"2021-04-08T09:30:30","guid":{"rendered":"https:\/\/vps-de1b14d9.vps.ovh.net\/effe3ti\/?page_id=923"},"modified":"2026-04-03T06:33:08","modified_gmt":"2026-04-03T06:33:08","slug":"robots-demballage","status":"publish","type":"page","link":"https:\/\/www.effe3ti.com\/fr\/robot-avvolgitori\/","title":{"rendered":"Robots d&#039;emballage"},"content":{"rendered":"<div data-elementor-type=\"wp-page\" data-elementor-id=\"923\" class=\"elementor elementor-923\" data-elementor-post-type=\"page\">\n\t\t\t\t\t\t<section class=\"elementor-section elementor-top-section elementor-element elementor-element-e9f74f1 elementor-section-full_width elementor-section-height-default elementor-section-height-default\" data-id=\"e9f74f1\" data-element_type=\"section\" data-e-type=\"section\">\n\t\t\t\t\t\t<div class=\"elementor-container elementor-column-gap-no\">\n\t\t\t\t\t<div class=\"elementor-column elementor-col-100 elementor-top-column elementor-element elementor-element-a762bf6\" data-id=\"a762bf6\" data-element_type=\"column\" data-e-type=\"column\">\n\t\t\t<div class=\"elementor-widget-wrap elementor-element-populated\">\n\t\t\t\t\t\t<div class=\"elementor-element elementor-element-315391f elementor--h-position-center elementor--v-position-middle elementor-arrows-position-inside elementor-pagination-position-inside elementor-widget elementor-widget-slides\" data-id=\"315391f\" data-element_type=\"widget\" data-e-type=\"widget\" data-settings=\"{&quot;navigation&quot;:&quot;both&quot;,&quot;autoplay&quot;:&quot;yes&quot;,&quot;pause_on_hover&quot;:&quot;yes&quot;,&quot;pause_on_interaction&quot;:&quot;yes&quot;,&quot;autoplay_speed&quot;:5000,&quot;infinite&quot;:&quot;yes&quot;,&quot;transition&quot;:&quot;slide&quot;,&quot;transition_speed&quot;:500}\" data-widget_type=\"slides.default\">\n\t\t\t\t<div class=\"elementor-widget-container\">\n\t\t\t\t\t\t\t\t\t<div class=\"elementor-swiper\">\n\t\t\t\t\t<div class=\"elementor-slides-wrapper elementor-main-swiper swiper\" role=\"region\" aria-roledescription=\"carousel\" aria-label=\"Diapositives\" dir=\"ltr\" data-animation=\"fadeInUp\">\n\t\t\t\t<div class=\"swiper-wrapper elementor-slides\">\n\t\t\t\t\t\t\t\t\t\t<div class=\"elementor-repeater-item-56a8bf6 swiper-slide\" role=\"group\" aria-roledescription=\"slide\"><div class=\"swiper-slide-bg\" role=\"img\" aria-label=\"robot d&#039;emballage\"><\/div><div class=\"swiper-slide-inner\" ><div class=\"swiper-slide-contents\"><\/div><\/div><\/div>\t\t\t\t<\/div>\n\t\t\t\t\t\t\t<\/div>\n\t\t\t\t<\/div>\n\t\t\t\t\t\t\t\t<\/div>\n\t\t\t\t<\/div>\n\t\t\t\t\t<\/div>\n\t\t<\/div>\n\t\t\t\t\t<\/div>\n\t\t<\/section>\n\t\t\t\t<section class=\"elementor-section elementor-top-section elementor-element elementor-element-dd9f808 elementor-section-boxed elementor-section-height-default elementor-section-height-default\" data-id=\"dd9f808\" data-element_type=\"section\" data-e-type=\"section\">\n\t\t\t\t\t\t<div class=\"elementor-container elementor-column-gap-default\">\n\t\t\t\t\t<div class=\"elementor-column elementor-col-100 elementor-top-column elementor-element elementor-element-79c29ec\" data-id=\"79c29ec\" data-element_type=\"column\" data-e-type=\"column\">\n\t\t\t<div class=\"elementor-widget-wrap elementor-element-populated\">\n\t\t\t\t\t\t<div class=\"elementor-element elementor-element-707ab5a elementor-widget elementor-widget-text-editor\" data-id=\"707ab5a\" data-element_type=\"widget\" data-e-type=\"widget\" data-widget_type=\"text-editor.default\">\n\t\t\t\t<div class=\"elementor-widget-container\">\n\t\t\t\t\t\t\t\t\t<h1>Banderoleuses de palettes semi-automatiques adapt\u00e9es \u00e0 tout type de charge.<\/h1>\t\t\t\t\t\t\t\t<\/div>\n\t\t\t\t<\/div>\n\t\t\t\t\t<\/div>\n\t\t<\/div>\n\t\t\t\t\t<\/div>\n\t\t<\/section>\n\t\t\t\t<section class=\"elementor-section elementor-top-section elementor-element elementor-element-fe68a1d elementor-section-boxed elementor-section-height-default elementor-section-height-default\" data-id=\"fe68a1d\" data-element_type=\"section\" data-e-type=\"section\">\n\t\t\t\t\t\t<div class=\"elementor-container elementor-column-gap-default\">\n\t\t\t\t\t<div class=\"elementor-column elementor-col-100 elementor-top-column elementor-element elementor-element-9c009fe\" data-id=\"9c009fe\" data-element_type=\"column\" data-e-type=\"column\">\n\t\t\t<div class=\"elementor-widget-wrap elementor-element-populated\">\n\t\t\t\t\t\t<div class=\"elementor-element elementor-element-acc89b5 elementor-widget elementor-widget-text-editor\" data-id=\"acc89b5\" data-element_type=\"widget\" data-e-type=\"widget\" data-widget_type=\"text-editor.default\">\n\t\t\t\t<div class=\"elementor-widget-container\">\n\t\t\t\t\t\t\t\t\t<p>Les banderoleuses de palettes automotrices (ou robots) constituent un type particulier de banderoleuse. Aliment\u00e9es par une batterie haute performance embarqu\u00e9e, elles peuvent banderoler tout type de palette sans avoir \u00e0 la d\u00e9placer.<\/p><h3>MACHINES D&#039;EMBALLAGE CON\u00c7UES ET FABRIQU\u00c9ES PAR EFFE3TI \u2013 GARANTIE DE 3 ANS<\/h3><p><a href=\"https:\/\/www.effe3ti.com\/fr\/comment-choisir-une-machine-demballage\/\" target=\"_blank\" rel=\"noopener\"><strong>Lisez ici pour obtenir des conseils sur la fa\u00e7on de choisir le meilleur mod\u00e8le pour vous<\/strong><\/a><\/p>\t\t\t\t\t\t\t\t<\/div>\n\t\t\t\t<\/div>\n\t\t\t\t\t<\/div>\n\t\t<\/div>\n\t\t\t\t\t<\/div>\n\t\t<\/section>\n\t\t\t\t<section class=\"elementor-section elementor-top-section elementor-element elementor-element-81e8ee6 elementor-section-boxed elementor-section-height-default elementor-section-height-default\" data-id=\"81e8ee6\" data-element_type=\"section\" data-e-type=\"section\">\n\t\t\t\t\t\t<div class=\"elementor-container elementor-column-gap-default\">\n\t\t\t\t\t<div class=\"elementor-column elementor-col-100 elementor-top-column elementor-element elementor-element-24cbaba\" data-id=\"24cbaba\" data-element_type=\"column\" data-e-type=\"column\">\n\t\t\t<div class=\"elementor-widget-wrap elementor-element-populated\">\n\t\t\t\t\t\t<div class=\"elementor-element elementor-element-db3a646 elementor-grid-3 elementor-grid-tablet-2 elementor-grid-mobile-1 elementor-posts--thumbnail-top elementor-card-shadow-yes elementor-posts__hover-gradient elementor-widget elementor-widget-posts\" data-id=\"db3a646\" data-element_type=\"widget\" data-e-type=\"widget\" data-settings=\"{&quot;cards_columns&quot;:&quot;3&quot;,&quot;cards_columns_tablet&quot;:&quot;2&quot;,&quot;cards_columns_mobile&quot;:&quot;1&quot;,&quot;cards_row_gap&quot;:{&quot;unit&quot;:&quot;px&quot;,&quot;size&quot;:35,&quot;sizes&quot;:[]},&quot;cards_row_gap_tablet&quot;:{&quot;unit&quot;:&quot;px&quot;,&quot;size&quot;:&quot;&quot;,&quot;sizes&quot;:[]},&quot;cards_row_gap_mobile&quot;:{&quot;unit&quot;:&quot;px&quot;,&quot;size&quot;:&quot;&quot;,&quot;sizes&quot;:[]}}\" data-widget_type=\"posts.cards\">\n\t\t\t\t<div class=\"elementor-widget-container\">\n\t\t\t\t\t\t\t<div class=\"elementor-posts-container elementor-posts elementor-posts--skin-cards elementor-grid\" role=\"list\">\n\t\t\t\t<article class=\"elementor-post elementor-grid-item post-14625 product type-product status-publish has-post-thumbnail product_cat-robot-avvolgitori-it product_tag-batteria-al-litio first instock shipping-taxable product-type-simple\" role=\"listitem\">\n\t\t\t<div class=\"elementor-post__card\">\n\t\t\t\t<a class=\"elementor-post__thumbnail__link\" href=\"https:\/\/www.effe3ti.com\/fr\/prodotto\/oscar-touch-lithium-robot-fasciapallet\/\" tabindex=\"-1\" ><div class=\"elementor-post__thumbnail\"><img fetchpriority=\"high\" decoding=\"async\" width=\"261\" height=\"300\" src=\"https:\/\/www.effe3ti.com\/wp-content\/uploads\/2024\/06\/Oscar-Touch-V5-Lithium-e1718185156707-261x300.jpg\" class=\"attachment-medium size-medium wp-image-14627\" alt=\"robot avec batterie au lithium Oscar Touch Lithium\" srcset=\"https:\/\/www.effe3ti.com\/wp-content\/uploads\/2024\/06\/Oscar-Touch-V5-Lithium-e1718185156707-261x300.jpg 261w, https:\/\/www.effe3ti.com\/wp-content\/uploads\/2024\/06\/Oscar-Touch-V5-Lithium-e1718185156707-890x1024.jpg 890w, https:\/\/www.effe3ti.com\/wp-content\/uploads\/2024\/06\/Oscar-Touch-V5-Lithium-e1718185156707-768x883.jpg 768w, https:\/\/www.effe3ti.com\/wp-content\/uploads\/2024\/06\/Oscar-Touch-V5-Lithium-e1718185156707-600x690.jpg 600w, https:\/\/www.effe3ti.com\/wp-content\/uploads\/2024\/06\/Oscar-Touch-V5-Lithium-e1718185156707.jpg 1333w\" sizes=\"(max-width: 261px) 100vw, 261px\" \/><\/div><\/a>\n\t\t\t\t<div class=\"elementor-post__badge\">batterie au lithium<\/div>\n\t\t\t\t<div class=\"elementor-post__text\">\n\t\t\t\t<h3 class=\"elementor-post__title\">\n\t\t\t<a href=\"https:\/\/www.effe3ti.com\/fr\/prodotto\/oscar-touch-lithium-robot-fasciapallet\/\" >\n\t\t\t\tRobot d&#039;emballage de palettes Oscar Touch Lithium\t\t\t<\/a>\n\t\t<\/h3>\n\t\t\n\t\t<a class=\"elementor-post__read-more\" href=\"https:\/\/www.effe3ti.com\/fr\/prodotto\/oscar-touch-lithium-robot-fasciapallet\/\" aria-label=\"En savoir plus sur l&#039;enrubanneuse robotis\u00e9e Oscar Touch Lithium\" tabindex=\"-1\" >\n\t\t\ten savoir plus\t\t<\/a>\n\n\t\t\t\t<\/div>\n\t\t\t\t\t<\/div>\n\t\t<\/article>\n\t\t\t\t<article class=\"elementor-post elementor-grid-item post-936 product type-product status-publish has-post-thumbnail product_cat-robot-avvolgitori-it product_tag-freno-meccanico  instock shipping-taxable product-type-simple\" role=\"listitem\">\n\t\t\t<div class=\"elementor-post__card\">\n\t\t\t\t<a class=\"elementor-post__thumbnail__link\" href=\"https:\/\/www.effe3ti.com\/fr\/prodotto\/oscar-touch-v-1-fasciapallet-robot-avvolgitore\/\" tabindex=\"-1\" ><div class=\"elementor-post__thumbnail\"><img decoding=\"async\" width=\"214\" height=\"300\" src=\"https:\/\/www.effe3ti.com\/wp-content\/uploads\/2021\/04\/OscarTouch-v1x-214x300.jpg\" class=\"attachment-medium size-medium wp-image-769\" alt=\"Robot d&#039;emballage de palettes\" srcset=\"https:\/\/www.effe3ti.com\/wp-content\/uploads\/2021\/04\/OscarTouch-v1x-214x300.jpg 214w, https:\/\/www.effe3ti.com\/wp-content\/uploads\/2021\/04\/OscarTouch-v1x-600x840.jpg 600w, https:\/\/www.effe3ti.com\/wp-content\/uploads\/2021\/04\/OscarTouch-v1x-732x1024.jpg 732w, https:\/\/www.effe3ti.com\/wp-content\/uploads\/2021\/04\/OscarTouch-v1x-768x1075.jpg 768w, https:\/\/www.effe3ti.com\/wp-content\/uploads\/2021\/04\/OscarTouch-v1x.jpg 1072w\" sizes=\"(max-width: 214px) 100vw, 214px\" \/><\/div><\/a>\n\t\t\t\t<div class=\"elementor-post__badge\">frein m\u00e9canique<\/div>\n\t\t\t\t<div class=\"elementor-post__text\">\n\t\t\t\t<h3 class=\"elementor-post__title\">\n\t\t\t<a href=\"https:\/\/www.effe3ti.com\/fr\/prodotto\/oscar-touch-v-1-fasciapallet-robot-avvolgitore\/\" >\n\t\t\t\tRobot d&#039;emballage de palettes Oscar Touch V.1\t\t\t<\/a>\n\t\t<\/h3>\n\t\t\n\t\t<a class=\"elementor-post__read-more\" href=\"https:\/\/www.effe3ti.com\/fr\/prodotto\/oscar-touch-v-1-fasciapallet-robot-avvolgitore\/\" aria-label=\"En savoir plus sur le robot d&#039;emballage de palettes Oscar Touch V.1\" tabindex=\"-1\" >\n\t\t\ten savoir plus\t\t<\/a>\n\n\t\t\t\t<\/div>\n\t\t\t\t\t<\/div>\n\t\t<\/article>\n\t\t\t\t<article class=\"elementor-post elementor-grid-item post-931 product type-product status-publish has-post-thumbnail product_cat-robot-avvolgitori-it product_tag-freno-elettromagnetico  instock shipping-taxable product-type-simple\" role=\"listitem\">\n\t\t\t<div class=\"elementor-post__card\">\n\t\t\t\t<a class=\"elementor-post__thumbnail__link\" href=\"https:\/\/www.effe3ti.com\/fr\/prodotto\/oscar-touch-v-3-fasciapallet-robot-avvolgitore\/\" tabindex=\"-1\" ><div class=\"elementor-post__thumbnail\"><img decoding=\"async\" width=\"200\" height=\"300\" src=\"https:\/\/www.effe3ti.com\/wp-content\/uploads\/2021\/04\/OscarTouch-V3x-200x300.jpg\" class=\"attachment-medium size-medium wp-image-770\" alt=\"Robot d&#039;emballage de palettes\" srcset=\"https:\/\/www.effe3ti.com\/wp-content\/uploads\/2021\/04\/OscarTouch-V3x-200x300.jpg 200w, https:\/\/www.effe3ti.com\/wp-content\/uploads\/2021\/04\/OscarTouch-V3x-600x900.jpg 600w, https:\/\/www.effe3ti.com\/wp-content\/uploads\/2021\/04\/OscarTouch-V3x-683x1024.jpg 683w, https:\/\/www.effe3ti.com\/wp-content\/uploads\/2021\/04\/OscarTouch-V3x-768x1152.jpg 768w, https:\/\/www.effe3ti.com\/wp-content\/uploads\/2021\/04\/OscarTouch-V3x.jpg 1000w\" sizes=\"(max-width: 200px) 100vw, 200px\" \/><\/div><\/a>\n\t\t\t\t<div class=\"elementor-post__badge\">frein \u00e9lectromagn\u00e9tique<\/div>\n\t\t\t\t<div class=\"elementor-post__text\">\n\t\t\t\t<h3 class=\"elementor-post__title\">\n\t\t\t<a href=\"https:\/\/www.effe3ti.com\/fr\/prodotto\/oscar-touch-v-3-fasciapallet-robot-avvolgitore\/\" >\n\t\t\t\tRobot d&#039;emballage de palettes Oscar Touch V.3\t\t\t<\/a>\n\t\t<\/h3>\n\t\t\n\t\t<a class=\"elementor-post__read-more\" href=\"https:\/\/www.effe3ti.com\/fr\/prodotto\/oscar-touch-v-3-fasciapallet-robot-avvolgitore\/\" aria-label=\"En savoir plus sur le robot d&#039;emballage de palettes Oscar Touch V.3\" tabindex=\"-1\" >\n\t\t\ten savoir plus\t\t<\/a>\n\n\t\t\t\t<\/div>\n\t\t\t\t\t<\/div>\n\t\t<\/article>\n\t\t\t\t<article class=\"elementor-post elementor-grid-item post-265 product type-product status-publish has-post-thumbnail product_cat-robot-avvolgitori-it product_tag-prestiro-motorizzato last instock shipping-taxable product-type-simple\" role=\"listitem\">\n\t\t\t<div class=\"elementor-post__card\">\n\t\t\t\t<a class=\"elementor-post__thumbnail__link\" href=\"https:\/\/www.effe3ti.com\/fr\/prodotto\/oscar-touch-v-5-fasciapallet-robot-avvolgitore\/\" tabindex=\"-1\" ><div class=\"elementor-post__thumbnail\"><img loading=\"lazy\" decoding=\"async\" width=\"221\" height=\"300\" src=\"https:\/\/www.effe3ti.com\/wp-content\/uploads\/2021\/04\/Oscar-touchv5-221x300.jpg\" class=\"attachment-medium size-medium wp-image-765\" alt=\"Robot d&#039;emballage de palettes\" srcset=\"https:\/\/www.effe3ti.com\/wp-content\/uploads\/2021\/04\/Oscar-touchv5-221x300.jpg 221w, https:\/\/www.effe3ti.com\/wp-content\/uploads\/2021\/04\/Oscar-touchv5-600x815.jpg 600w, https:\/\/www.effe3ti.com\/wp-content\/uploads\/2021\/04\/Oscar-touchv5-754x1024.jpg 754w, https:\/\/www.effe3ti.com\/wp-content\/uploads\/2021\/04\/Oscar-touchv5-768x1043.jpg 768w, https:\/\/www.effe3ti.com\/wp-content\/uploads\/2021\/04\/Oscar-touchv5.jpg 1104w\" sizes=\"(max-width: 221px) 100vw, 221px\" \/><\/div><\/a>\n\t\t\t\t<div class=\"elementor-post__badge\">pr\u00e9-\u00e9tirage motoris\u00e9<\/div>\n\t\t\t\t<div class=\"elementor-post__text\">\n\t\t\t\t<h3 class=\"elementor-post__title\">\n\t\t\t<a href=\"https:\/\/www.effe3ti.com\/fr\/prodotto\/oscar-touch-v-5-fasciapallet-robot-avvolgitore\/\" >\n\t\t\t\tRobot d&#039;emballage de palettes Oscar Touch V.5\t\t\t<\/a>\n\t\t<\/h3>\n\t\t\n\t\t<a class=\"elementor-post__read-more\" href=\"https:\/\/www.effe3ti.com\/fr\/prodotto\/oscar-touch-v-5-fasciapallet-robot-avvolgitore\/\" aria-label=\"En savoir plus sur le robot d&#039;emballage de palettes Oscar Touch V.5\" tabindex=\"-1\" >\n\t\t\ten savoir plus\t\t<\/a>\n\n\t\t\t\t<\/div>\n\t\t\t\t\t<\/div>\n\t\t<\/article>\n\t\t\t\t<\/div>\n\t\t\n\t\t\t\t\t\t<\/div>\n\t\t\t\t<\/div>\n\t\t\t\t\t<\/div>\n\t\t<\/div>\n\t\t\t\t\t<\/div>\n\t\t<\/section>\n\t\t\t\t<\/div>","protected":false},"excerpt":{"rendered":"<p>Les banderoleuses de palettes semi-automatiques conviennent \u00e0 tout type de chargement. Les banderoleuses de palettes automotrices (ou robots) constituent un type particulier de banderoleuse. Elles fonctionnent sur batterie.<\/p>","protected":false},"author":1,"featured_media":14059,"parent":0,"menu_order":0,"comment_status":"closed","ping_status":"closed","template":"","meta":{"footnotes":""},"class_list":["post-923","page","type-page","status-publish","has-post-thumbnail","hentry"],"yoast_head":"<!-- This site is optimized with the Yoast SEO plugin v27.4 - https:\/\/yoast.com\/product\/yoast-seo-wordpress\/ -->\n<title>Robot Avvolgitori - Effe3ti<\/title>\n<meta name=\"description\" content=\"Robot avvolgitori progettati e prodotti da EFFE3ti. Perfetti per avvolgere carichi su pallet di qualsiasi tipo in qualsiasi luogo\" \/>\n<meta name=\"robots\" content=\"index, follow, max-snippet:-1, max-image-preview:large, max-video-preview:-1\" \/>\n<link rel=\"canonical\" href=\"https:\/\/www.effe3ti.com\/fr\/robots-demballage\/\" \/>\n<meta property=\"og:locale\" content=\"fr_FR\" \/>\n<meta property=\"og:type\" content=\"article\" \/>\n<meta property=\"og:title\" content=\"Robot Avvolgitori - Effe3ti\" \/>\n<meta property=\"og:description\" content=\"Robot avvolgitori progettati e prodotti da EFFE3ti. Perfetti per avvolgere carichi su pallet di qualsiasi tipo in qualsiasi luogo\" \/>\n<meta property=\"og:url\" content=\"https:\/\/www.effe3ti.com\/fr\/robots-demballage\/\" \/>\n<meta property=\"og:site_name\" content=\"Effe3ti\" \/>\n<meta property=\"article:publisher\" content=\"https:\/\/www.facebook.com\/effe3ti.packaging\" \/>\n<meta property=\"article:modified_time\" content=\"2026-04-03T06:33:08+00:00\" \/>\n<meta property=\"og:image\" content=\"https:\/\/www.effe3ti.com\/wp-content\/uploads\/2024\/02\/wrappers-robot.jpg\" \/>\n\t<meta property=\"og:image:width\" content=\"2500\" \/>\n\t<meta property=\"og:image:height\" content=\"1667\" \/>\n\t<meta property=\"og:image:type\" content=\"image\/jpeg\" \/>\n<meta name=\"twitter:card\" content=\"summary_large_image\" \/>\n<meta name=\"twitter:label1\" content=\"Dur\u00e9e de lecture estim\u00e9e\" \/>\n\t<meta name=\"twitter:data1\" content=\"2 minutes\" \/>\n<script type=\"application\/ld+json\" class=\"yoast-schema-graph\">{\"@context\":\"https:\\\/\\\/schema.org\",\"@graph\":[{\"@type\":\"WebPage\",\"@id\":\"https:\\\/\\\/www.effe3ti.com\\\/robot-avvolgitori\\\/\",\"url\":\"https:\\\/\\\/www.effe3ti.com\\\/robot-avvolgitori\\\/\",\"name\":\"Robot Avvolgitori - Effe3ti\",\"isPartOf\":{\"@id\":\"https:\\\/\\\/www.effe3ti.com\\\/#website\"},\"primaryImageOfPage\":{\"@id\":\"https:\\\/\\\/www.effe3ti.com\\\/robot-avvolgitori\\\/#primaryimage\"},\"image\":{\"@id\":\"https:\\\/\\\/www.effe3ti.com\\\/robot-avvolgitori\\\/#primaryimage\"},\"thumbnailUrl\":\"https:\\\/\\\/www.effe3ti.com\\\/wp-content\\\/uploads\\\/2024\\\/02\\\/wrappers-robot.jpg\",\"datePublished\":\"2021-04-08T09:30:30+00:00\",\"dateModified\":\"2026-04-03T06:33:08+00:00\",\"description\":\"Robot avvolgitori progettati e prodotti da EFFE3ti. Perfetti per avvolgere carichi su pallet di qualsiasi tipo in qualsiasi luogo\",\"breadcrumb\":{\"@id\":\"https:\\\/\\\/www.effe3ti.com\\\/robot-avvolgitori\\\/#breadcrumb\"},\"inLanguage\":\"fr-FR\",\"potentialAction\":[{\"@type\":\"ReadAction\",\"target\":[\"https:\\\/\\\/www.effe3ti.com\\\/robot-avvolgitori\\\/\"]}]},{\"@type\":\"ImageObject\",\"inLanguage\":\"fr-FR\",\"@id\":\"https:\\\/\\\/www.effe3ti.com\\\/robot-avvolgitori\\\/#primaryimage\",\"url\":\"https:\\\/\\\/www.effe3ti.com\\\/wp-content\\\/uploads\\\/2024\\\/02\\\/wrappers-robot.jpg\",\"contentUrl\":\"https:\\\/\\\/www.effe3ti.com\\\/wp-content\\\/uploads\\\/2024\\\/02\\\/wrappers-robot.jpg\",\"width\":2500,\"height\":1667,\"caption\":\"Robot avvolgitori di pallet\"},{\"@type\":\"BreadcrumbList\",\"@id\":\"https:\\\/\\\/www.effe3ti.com\\\/robot-avvolgitori\\\/#breadcrumb\",\"itemListElement\":[{\"@type\":\"ListItem\",\"position\":1,\"name\":\"Home\",\"item\":\"https:\\\/\\\/www.effe3ti.com\\\/\"},{\"@type\":\"ListItem\",\"position\":2,\"name\":\"Robot Avvolgitori\"}]},{\"@type\":\"WebSite\",\"@id\":\"https:\\\/\\\/www.effe3ti.com\\\/#website\",\"url\":\"https:\\\/\\\/www.effe3ti.com\\\/\",\"name\":\"Effe3ti\",\"description\":\"Packaging Technologies\",\"publisher\":{\"@id\":\"https:\\\/\\\/www.effe3ti.com\\\/#organization\"},\"potentialAction\":[{\"@type\":\"SearchAction\",\"target\":{\"@type\":\"EntryPoint\",\"urlTemplate\":\"https:\\\/\\\/www.effe3ti.com\\\/?s={search_term_string}\"},\"query-input\":{\"@type\":\"PropertyValueSpecification\",\"valueRequired\":true,\"valueName\":\"search_term_string\"}}],\"inLanguage\":\"fr-FR\"},{\"@type\":\"Organization\",\"@id\":\"https:\\\/\\\/www.effe3ti.com\\\/#organization\",\"name\":\"Effe3ti\",\"alternateName\":\"f3t\",\"url\":\"https:\\\/\\\/www.effe3ti.com\\\/\",\"logo\":{\"@type\":\"ImageObject\",\"inLanguage\":\"fr-FR\",\"@id\":\"https:\\\/\\\/www.effe3ti.com\\\/#\\\/schema\\\/logo\\\/image\\\/\",\"url\":\"https:\\\/\\\/www.effe3ti.com\\\/wp-content\\\/uploads\\\/2021\\\/04\\\/Effe3ti_logo-350.gif\",\"contentUrl\":\"https:\\\/\\\/www.effe3ti.com\\\/wp-content\\\/uploads\\\/2021\\\/04\\\/Effe3ti_logo-350.gif\",\"width\":350,\"height\":128,\"caption\":\"Effe3ti\"},\"image\":{\"@id\":\"https:\\\/\\\/www.effe3ti.com\\\/#\\\/schema\\\/logo\\\/image\\\/\"},\"sameAs\":[\"https:\\\/\\\/www.facebook.com\\\/effe3ti.packaging\",\"https:\\\/\\\/www.instagram.com\\\/EFFE3TI\\\/\",\"https:\\\/\\\/www.linkedin.com\\\/company\\\/effe3ti-srl\",\"https:\\\/\\\/www.youtube.com\\\/effe3ti\"]}]}<\/script>\n<!-- \/ Yoast SEO plugin. -->","yoast_head_json":{"title":"Robots d&#039;emballage - Effe3ti","description":"Robots d&#039;emballage con\u00e7us et fabriqu\u00e9s par EFFE3ti. Id\u00e9al pour emballer des palettes de tout type, n&#039;importe o\u00f9","robots":{"index":"index","follow":"follow","max-snippet":"max-snippet:-1","max-image-preview":"max-image-preview:large","max-video-preview":"max-video-preview:-1"},"canonical":"https:\/\/www.effe3ti.com\/fr\/robots-demballage\/","og_locale":"fr_FR","og_type":"article","og_title":"Robot Avvolgitori - Effe3ti","og_description":"Robot avvolgitori progettati e prodotti da EFFE3ti. Perfetti per avvolgere carichi su pallet di qualsiasi tipo in qualsiasi luogo","og_url":"https:\/\/www.effe3ti.com\/fr\/robots-demballage\/","og_site_name":"Effe3ti","article_publisher":"https:\/\/www.facebook.com\/effe3ti.packaging","article_modified_time":"2026-04-03T06:33:08+00:00","og_image":[{"width":2500,"height":1667,"url":"https:\/\/www.effe3ti.com\/wp-content\/uploads\/2024\/02\/wrappers-robot.jpg","type":"image\/jpeg"}],"twitter_card":"summary_large_image","twitter_misc":{"Dur\u00e9e de lecture estim\u00e9e":"2 minutes"},"schema":{"@context":"https:\/\/schema.org","@graph":[{"@type":"WebPage","@id":"https:\/\/www.effe3ti.com\/robot-avvolgitori\/","url":"https:\/\/www.effe3ti.com\/robot-avvolgitori\/","name":"Robots d&#039;emballage - Effe3ti","isPartOf":{"@id":"https:\/\/www.effe3ti.com\/#website"},"primaryImageOfPage":{"@id":"https:\/\/www.effe3ti.com\/robot-avvolgitori\/#primaryimage"},"image":{"@id":"https:\/\/www.effe3ti.com\/robot-avvolgitori\/#primaryimage"},"thumbnailUrl":"https:\/\/www.effe3ti.com\/wp-content\/uploads\/2024\/02\/wrappers-robot.jpg","datePublished":"2021-04-08T09:30:30+00:00","dateModified":"2026-04-03T06:33:08+00:00","description":"Robots d&#039;emballage con\u00e7us et fabriqu\u00e9s par EFFE3ti. Id\u00e9al pour emballer des palettes de tout type, n&#039;importe o\u00f9","breadcrumb":{"@id":"https:\/\/www.effe3ti.com\/robot-avvolgitori\/#breadcrumb"},"inLanguage":"fr-FR","potentialAction":[{"@type":"ReadAction","target":["https:\/\/www.effe3ti.com\/robot-avvolgitori\/"]}]},{"@type":"ImageObject","inLanguage":"fr-FR","@id":"https:\/\/www.effe3ti.com\/robot-avvolgitori\/#primaryimage","url":"https:\/\/www.effe3ti.com\/wp-content\/uploads\/2024\/02\/wrappers-robot.jpg","contentUrl":"https:\/\/www.effe3ti.com\/wp-content\/uploads\/2024\/02\/wrappers-robot.jpg","width":2500,"height":1667,"caption":"Robot avvolgitori di pallet"},{"@type":"BreadcrumbList","@id":"https:\/\/www.effe3ti.com\/robot-avvolgitori\/#breadcrumb","itemListElement":[{"@type":"ListItem","position":1,"name":"Home","item":"https:\/\/www.effe3ti.com\/"},{"@type":"ListItem","position":2,"name":"Robot Avvolgitori"}]},{"@type":"WebSite","@id":"https:\/\/www.effe3ti.com\/#website","url":"https:\/\/www.effe3ti.com\/","name":"Effe3ti","description":"Technologies d&#039;emballage","publisher":{"@id":"https:\/\/www.effe3ti.com\/#organization"},"potentialAction":[{"@type":"SearchAction","target":{"@type":"EntryPoint","urlTemplate":"https:\/\/www.effe3ti.com\/?s={search_term_string}"},"query-input":{"@type":"PropertyValueSpecification","valueRequired":true,"valueName":"search_term_string"}}],"inLanguage":"fr-FR"},{"@type":"Organization","@id":"https:\/\/www.effe3ti.com\/#organization","name":"Effe3ti","alternateName":"f3t","url":"https:\/\/www.effe3ti.com\/","logo":{"@type":"ImageObject","inLanguage":"fr-FR","@id":"https:\/\/www.effe3ti.com\/#\/schema\/logo\/image\/","url":"https:\/\/www.effe3ti.com\/wp-content\/uploads\/2021\/04\/Effe3ti_logo-350.gif","contentUrl":"https:\/\/www.effe3ti.com\/wp-content\/uploads\/2021\/04\/Effe3ti_logo-350.gif","width":350,"height":128,"caption":"Effe3ti"},"image":{"@id":"https:\/\/www.effe3ti.com\/#\/schema\/logo\/image\/"},"sameAs":["https:\/\/www.facebook.com\/effe3ti.packaging","https:\/\/www.instagram.com\/EFFE3TI\/","https:\/\/www.linkedin.com\/company\/effe3ti-srl","https:\/\/www.youtube.com\/effe3ti"]}]}},"_links":{"self":[{"href":"https:\/\/www.effe3ti.com\/fr\/wp-json\/wp\/v2\/pages\/923","targetHints":{"allow":["GET"]}}],"collection":[{"href":"https:\/\/www.effe3ti.com\/fr\/wp-json\/wp\/v2\/pages"}],"about":[{"href":"https:\/\/www.effe3ti.com\/fr\/wp-json\/wp\/v2\/types\/page"}],"author":[{"embeddable":true,"href":"https:\/\/www.effe3ti.com\/fr\/wp-json\/wp\/v2\/users\/1"}],"replies":[{"embeddable":true,"href":"https:\/\/www.effe3ti.com\/fr\/wp-json\/wp\/v2\/comments?post=923"}],"version-history":[{"count":5,"href":"https:\/\/www.effe3ti.com\/fr\/wp-json\/wp\/v2\/pages\/923\/revisions"}],"predecessor-version":[{"id":24865,"href":"https:\/\/www.effe3ti.com\/fr\/wp-json\/wp\/v2\/pages\/923\/revisions\/24865"}],"wp:featuredmedia":[{"embeddable":true,"href":"https:\/\/www.effe3ti.com\/fr\/wp-json\/wp\/v2\/media\/14059"}],"wp:attachment":[{"href":"https:\/\/www.effe3ti.com\/fr\/wp-json\/wp\/v2\/media?parent=923"}],"curies":[{"name":"wp","href":"https:\/\/api.w.org\/{rel}","templated":true}]}}