{"id":9385,"date":"2022-06-18T15:35:58","date_gmt":"2022-06-18T15:35:58","guid":{"rendered":"https:\/\/www.effe3ti.com\/?post_type=product&#038;p=9385"},"modified":"2026-03-11T14:40:44","modified_gmt":"2026-03-11T14:40:44","slug":"linhas-4-0-caixas-de-embalagem-6-x-1","status":"publish","type":"product","link":"https:\/\/www.effe3ti.com\/pt\/prodotto\/linee-4-0-confezionamento-scatole-6-x-1\/","title":{"rendered":"Linhas 4.0 \u2013 6\u00d71 \u2014 6 Opera\u00e7\u00f5es 1 Operador"},"content":{"rendered":"\t\t<div data-elementor-type=\"product-post\" data-elementor-id=\"9385\" class=\"elementor elementor-9385\" data-elementor-post-type=\"product\">\n\t\t\t\t\t\t<section class=\"elementor-section elementor-top-section elementor-element elementor-element-a8bc5d9 animated-slow elementor-section-boxed elementor-section-height-default elementor-section-height-default elementor-invisible\" data-id=\"a8bc5d9\" data-element_type=\"section\" data-e-type=\"section\" data-settings=\"{&quot;background_background&quot;:&quot;classic&quot;,&quot;animation&quot;:&quot;fadeIn&quot;}\">\n\t\t\t\t\t\t<div class=\"elementor-container elementor-column-gap-default\">\n\t\t\t\t\t<div class=\"elementor-column elementor-col-100 elementor-top-column elementor-element elementor-element-751de0d\" data-id=\"751de0d\" data-element_type=\"column\" data-e-type=\"column\">\n\t\t\t<div class=\"elementor-widget-wrap elementor-element-populated\">\n\t\t\t\t\t\t<div class=\"elementor-element elementor-element-06ac62c elementor-widget elementor-widget-text-editor\" data-id=\"06ac62c\" data-element_type=\"widget\" data-e-type=\"widget\" data-widget_type=\"text-editor.default\">\n\t\t\t\t<div class=\"elementor-widget-container\">\n\t\t\t\t\t\t\t\t\t<p class=\"p1\">La<a href=\"https:\/\/www.effe3ti.com\/prodotto\/linea-di-confezionamento-4-0\/\"> linea <span class=\"s1\">6X1 <\/span><\/a>permette di gestire in modo <strong>completamente automatico<\/strong> e con l\u2019ausilio di <strong>un solo operatore<\/strong>la preparazione delle scatole di prodotto dal momento del loro riempimento fino alla spedizione. La linea \u00e8 pronta per il <strong>collegamento al software gestionale e certificata <a href=\"https:\/\/www.effe3ti.com\/prodotto\/linea-di-confezionamento-4-0\/\">Industria 4.0.<\/a><\/strong><\/p><p class=\"p1\">Produzione fino a 100 scatole\/ora con dimensioni minime L=170; H=100 e massime L=650; H=650; peso fino a 25 kg.<\/p>\t\t\t\t\t\t\t\t<\/div>\n\t\t\t\t<\/div>\n\t\t\t\t\t<\/div>\n\t\t<\/div>\n\t\t\t\t\t<\/div>\n\t\t<\/section>\n\t\t\t\t<section class=\"elementor-section elementor-top-section elementor-element elementor-element-3cee8f6 elementor-section-boxed elementor-section-height-default elementor-section-height-default elementor-invisible\" data-id=\"3cee8f6\" data-element_type=\"section\" data-e-type=\"section\" data-settings=\"{&quot;animation&quot;:&quot;fadeInUp&quot;}\">\n\t\t\t\t\t\t<div class=\"elementor-container elementor-column-gap-default\">\n\t\t\t\t\t<div class=\"elementor-column elementor-col-100 elementor-top-column elementor-element elementor-element-d0d39d8\" data-id=\"d0d39d8\" data-element_type=\"column\" data-e-type=\"column\">\n\t\t\t<div class=\"elementor-widget-wrap elementor-element-populated\">\n\t\t\t\t\t\t<div class=\"elementor-element elementor-element-52cb8d0 elementor-widget elementor-widget-text-editor\" data-id=\"52cb8d0\" data-element_type=\"widget\" data-e-type=\"widget\" data-widget_type=\"text-editor.default\">\n\t\t\t\t<div class=\"elementor-widget-container\">\n\t\t\t\t\t\t\t\t\t<ul><li><p class=\"p1\">Rulliera folle per la preparazione della scatola. L\u2019operatore \u00e8 posizionato in questo punto della linea e si occupa di riempire la scatola con i prodotti da spedire.<\/p><\/li><li><p class=\"p1\">La nastratrice sigilla la scatola con una striscia di nastro adesivo per la chiusura sul fondo e una sulla parte superiore.<\/p><\/li><li><p class=\"p1\">La scatola viene poi pesata e attraverso un sensore di visione posizionato superiormente vengono rilevate dimensioni e volume, dati che vengono inviati al gestionale per l\u2019elaborazione dell\u2019etichetta. Per completare le operazioni in questa postazione, una o pi\u00f9 fotocamere scattano foto che vengono salvate e allegate nel report di imballo. I dati raccolti vengono salvati sul PC a corredo della linea.<\/p><\/li><li><p class=\"p1\">I dati rilevati dalla postazione precedente sono utilizzati insieme a tutti i restanti dati prelevati dal gestionale del cliente per compilare e preparare l\u2019etichetta del pacco che, in questa posizione, viene applicata in modo automatico durante il transito sul fianco della scatola.<\/p><\/li><li><p class=\"p1\">La scatola viene trasportata sotto la reggiatrice che applica le regge in modo completamente automatico e scarica successivamente verso l\u2019uscita.<\/p><\/li><li><p class=\"p1\">Alla fine del ciclo la scatola viene scaricata ed accumulata sulla rulliera estensibile da cui pu\u00f2 essere prelevata per la spedizione.<\/p><\/li><\/ul>\t\t\t\t\t\t\t\t<\/div>\n\t\t\t\t<\/div>\n\t\t\t\t\t<\/div>\n\t\t<\/div>\n\t\t\t\t\t<\/div>\n\t\t<\/section>\n\t\t\t\t<section class=\"elementor-section elementor-top-section elementor-element elementor-element-7c77c69 elementor-section-boxed elementor-section-height-default elementor-section-height-default elementor-invisible\" data-id=\"7c77c69\" data-element_type=\"section\" data-e-type=\"section\" data-settings=\"{&quot;animation&quot;:&quot;zoomIn&quot;}\">\n\t\t\t\t\t\t<div class=\"elementor-container elementor-column-gap-default\">\n\t\t\t\t\t<div class=\"elementor-column elementor-col-100 elementor-top-column elementor-element elementor-element-73e454c\" data-id=\"73e454c\" data-element_type=\"column\" data-e-type=\"column\">\n\t\t\t<div class=\"elementor-widget-wrap elementor-element-populated\">\n\t\t\t\t\t\t<div class=\"elementor-element elementor-element-b0fb38e elementor-widget elementor-widget-video\" data-id=\"b0fb38e\" data-element_type=\"widget\" data-e-type=\"widget\" data-settings=\"{&quot;video_type&quot;:&quot;hosted&quot;,&quot;autoplay&quot;:&quot;yes&quot;,&quot;mute&quot;:&quot;yes&quot;,&quot;loop&quot;:&quot;yes&quot;,&quot;controls&quot;:&quot;yes&quot;}\" data-widget_type=\"video.default\">\n\t\t\t\t<div class=\"elementor-widget-container\">\n\t\t\t\t\t\t\t<div class=\"e-hosted-video elementor-wrapper elementor-open-inline\">\n\t\t\t\t\t<video class=\"elementor-video\" src=\"https:\/\/www.effe3ti.com\/wp-content\/uploads\/2022\/06\/Industry-4_0-Boxes.mp4\" autoplay=\"\" loop=\"\" controls=\"\" muted=\"muted\" controlsList=\"nodownload\"><\/video>\n\t\t\t\t<\/div>\n\t\t\t\t\t\t<\/div>\n\t\t\t\t<\/div>\n\t\t\t\t\t<\/div>\n\t\t<\/div>\n\t\t\t\t\t<\/div>\n\t\t<\/section>\n\t\t\t\t<section class=\"elementor-section elementor-top-section elementor-element elementor-element-af264f5 elementor-section-boxed elementor-section-height-default elementor-section-height-default\" data-id=\"af264f5\" data-element_type=\"section\" data-e-type=\"section\">\n\t\t\t\t\t\t<div class=\"elementor-container elementor-column-gap-default\">\n\t\t\t\t\t<div class=\"elementor-column elementor-col-100 elementor-top-column elementor-element elementor-element-91567f7\" data-id=\"91567f7\" data-element_type=\"column\" data-e-type=\"column\">\n\t\t\t<div class=\"elementor-widget-wrap elementor-element-populated\">\n\t\t\t\t\t\t<div class=\"elementor-element elementor-element-6539e6d elementor-widget elementor-widget-text-editor\" data-id=\"6539e6d\" data-element_type=\"widget\" data-e-type=\"widget\" data-widget_type=\"text-editor.default\">\n\t\t\t\t<div class=\"elementor-widget-container\">\n\t\t\t\t\t\t\t\t\t<h4><strong>Investire in tecnologia semplifica la vita &#8230; e la rende anche pi\u00f9 sicura.<\/strong><\/h4><h4>Contattaci per tutte le informazioni!<\/h4>\t\t\t\t\t\t\t\t<\/div>\n\t\t\t\t<\/div>\n\t\t\t\t\t<\/div>\n\t\t<\/div>\n\t\t\t\t\t<\/div>\n\t\t<\/section>\n\t\t\t\t<section class=\"elementor-section elementor-top-section elementor-element elementor-element-b29b097 elementor-section-boxed elementor-section-height-default elementor-section-height-default\" data-id=\"b29b097\" data-element_type=\"section\" data-e-type=\"section\">\n\t\t\t\t\t\t<div class=\"elementor-container elementor-column-gap-default\">\n\t\t\t\t\t<div class=\"elementor-column elementor-col-100 elementor-top-column elementor-element elementor-element-cc052a7\" data-id=\"cc052a7\" data-element_type=\"column\" data-e-type=\"column\">\n\t\t\t<div class=\"elementor-widget-wrap elementor-element-populated\">\n\t\t\t\t\t\t<div class=\"elementor-element elementor-element-6970010 elementor-button-align-start elementor-widget elementor-widget-global elementor-global-13229 elementor-widget-form\" data-id=\"6970010\" data-element_type=\"widget\" data-e-type=\"widget\" data-settings=\"{&quot;button_width&quot;:&quot;30&quot;,&quot;step_next_label&quot;:&quot;Next&quot;,&quot;step_previous_label&quot;:&quot;Previous&quot;,&quot;step_type&quot;:&quot;none&quot;,&quot;step_icon_shape&quot;:&quot;circle&quot;}\" data-widget_type=\"form.default\">\n\t\t\t\t<div class=\"elementor-widget-container\">\n\t\t\t\t\t\t\t<form class=\"elementor-form\" method=\"post\" name=\"New Form\" aria-label=\"New Form\">\n\t\t\t<input type=\"hidden\" name=\"post_id\" value=\"9385\"\/>\n\t\t\t<input type=\"hidden\" name=\"form_id\" value=\"6970010\"\/>\n\t\t\t<input type=\"hidden\" name=\"referer_title\" value=\"Effe3ti\" \/>\n\n\t\t\t\n\t\t\t<div class=\"elementor-form-fields-wrapper elementor-labels-\">\n\t\t\t\t\t\t\t\t<div class=\"elementor-field-type-text elementor-field-group elementor-column elementor-field-group-name elementor-col-100 elementor-field-required\">\n\t\t\t\t\t\t\t\t\t\t\t\t<label for=\"form-field-name\" class=\"elementor-field-label elementor-screen-only\">\n\t\t\t\t\t\t\t\tNome\t\t\t\t\t\t\t<\/label>\n\t\t\t\t\t\t\t\t\t\t\t\t\t\t<input size=\"1\" type=\"text\" name=\"form_fields[name]\" id=\"form-field-name\" class=\"elementor-field elementor-size-sm  elementor-field-textual\" placeholder=\"Nome\" required=\"required\">\n\t\t\t\t\t\t\t\t\t\t\t<\/div>\n\t\t\t\t\t\t\t\t<div class=\"elementor-field-type-email elementor-field-group elementor-column elementor-field-group-email elementor-col-50 elementor-field-required\">\n\t\t\t\t\t\t\t\t\t\t\t\t<label for=\"form-field-email\" class=\"elementor-field-label elementor-screen-only\">\n\t\t\t\t\t\t\t\tEmail\t\t\t\t\t\t\t<\/label>\n\t\t\t\t\t\t\t\t\t\t\t\t\t\t<input size=\"1\" type=\"email\" name=\"form_fields[email]\" id=\"form-field-email\" class=\"elementor-field elementor-size-sm  elementor-field-textual\" placeholder=\"Email\" required=\"required\">\n\t\t\t\t\t\t\t\t\t\t\t<\/div>\n\t\t\t\t\t\t\t\t<div class=\"elementor-field-type-text elementor-field-group elementor-column elementor-field-group-field_699e374 elementor-col-50\">\n\t\t\t\t\t\t\t\t\t\t\t\t<label for=\"form-field-field_699e374\" class=\"elementor-field-label elementor-screen-only\">\n\t\t\t\t\t\t\t\tTelefono\t\t\t\t\t\t\t<\/label>\n\t\t\t\t\t\t\t\t\t\t\t\t\t\t<input size=\"1\" type=\"text\" name=\"form_fields[field_699e374]\" id=\"form-field-field_699e374\" class=\"elementor-field elementor-size-sm  elementor-field-textual\" placeholder=\"Telefono\">\n\t\t\t\t\t\t\t\t\t\t\t<\/div>\n\t\t\t\t\t\t\t\t<div class=\"elementor-field-type-textarea elementor-field-group elementor-column elementor-field-group-message elementor-col-100 elementor-field-required\">\n\t\t\t\t\t\t\t\t\t\t\t\t<label for=\"form-field-message\" class=\"elementor-field-label elementor-screen-only\">\n\t\t\t\t\t\t\t\tMessaggio\t\t\t\t\t\t\t<\/label>\n\t\t\t\t\t\t<textarea class=\"elementor-field-textual elementor-field  elementor-size-sm\" name=\"form_fields[message]\" id=\"form-field-message\" rows=\"4\" placeholder=\"Messaggio\" required=\"required\"><\/textarea>\t\t\t\t<\/div>\n\t\t\t\t\t\t\t\t<div class=\"elementor-field-type-text\">\n\t\t\t\t\t<input size=\"1\" type=\"text\" name=\"form_fields[field_0b5b4ea]\" id=\"form-field-field_0b5b4ea\" class=\"elementor-field elementor-size-sm \" style=\"display:none !important;\">\t\t\t\t<\/div>\n\t\t\t\t\t\t\t\t<div class=\"elementor-field-type-recaptcha_v3 elementor-field-group elementor-column elementor-field-group-field_06c357c elementor-col-100 recaptcha_v3-inline\">\n\t\t\t\t\t<div class=\"elementor-field\" id=\"form-field-field_06c357c\"><div class=\"elementor-g-recaptcha\" data-sitekey=\"6LeLYCIeAAAAANXR5CSPkze4AQmvPwv5nKhgKmew\" data-type=\"v3\" data-action=\"Form\" data-badge=\"inline\" data-size=\"invisible\"><\/div><\/div>\t\t\t\t<\/div>\n\t\t\t\t\t\t\t\t<div class=\"elementor-field-type-acceptance elementor-field-group elementor-column elementor-field-group-field_367c20d elementor-col-100 elementor-field-required\">\n\t\t\t\t\t\t\t\t\t\t\t\t<label for=\"form-field-field_367c20d\" class=\"elementor-field-label elementor-screen-only\">\n\t\t\t\t\t\t\t\tPrivacy\t\t\t\t\t\t\t<\/label>\n\t\t\t\t\t\t\t\t<div class=\"elementor-field-subgroup\">\n\t\t\t<span class=\"elementor-field-option\">\n\t\t\t\t<input type=\"checkbox\" name=\"form_fields[field_367c20d]\" id=\"form-field-field_367c20d\" class=\"elementor-field elementor-size-sm  elementor-acceptance-field\" required=\"required\">\n\t\t\t\t<label for=\"form-field-field_367c20d\">Ho letto e compreso la <a href=\"https:\/\/www.effe3ti.com\/privacy-policy\/\">Privacy Policy<\/a><\/label>\t\t\t<\/span>\n\t\t<\/div>\n\t\t\t\t\t\t<\/div>\n\t\t\t\t\t\t\t\t<div class=\"elementor-field-group elementor-column elementor-field-type-submit elementor-col-30 e-form__buttons\">\n\t\t\t\t\t<button class=\"elementor-button elementor-size-lg\" type=\"submit\">\n\t\t\t\t\t\t<span class=\"elementor-button-content-wrapper\">\n\t\t\t\t\t\t\t\t\t\t\t\t\t\t\t\t\t\t\t\t\t\t<span class=\"elementor-button-text\">CHIEDI UN PREVENTIVO<\/span>\n\t\t\t\t\t\t\t\t\t\t\t\t\t<\/span>\n\t\t\t\t\t<\/button>\n\t\t\t\t<\/div>\n\t\t\t<\/div>\n\t\t<\/form>\n\t\t\t\t\t\t<\/div>\n\t\t\t\t<\/div>\n\t\t\t\t\t<\/div>\n\t\t<\/div>\n\t\t\t\t\t<\/div>\n\t\t<\/section>\n\t\t\t\t<\/div>\n\t\t","protected":false},"excerpt":{"rendered":"<p>La linea 6X1 permette di gestire in modo completamente automatico e con l\u2019ausilio di un solo operatorela preparazione delle scatole di prodotto dal momento del loro riempimento fino alla spedizione. La linea \u00e8 pronta per il collegamento al software gestionale e certificata Industria 4.0. Produzione fino a 100 scatole\/ora con dimensioni minime L=170; H=100 e [&hellip;]<\/p>\n","protected":false},"featured_media":4927,"comment_status":"closed","ping_status":"closed","template":"","meta":[],"product_brand":[],"product_cat":[23,77],"product_tag":[434,438,436,442,440],"class_list":{"0":"post-9385","1":"product","2":"type-product","3":"status-publish","4":"has-post-thumbnail","6":"product_cat-impianti","7":"product_cat-packaging-lines","8":"product_tag-4-0","9":"product_tag-confezionamento","10":"product_tag-industria40","11":"product_tag-linea","12":"product_tag-packaging","14":"first","15":"instock","16":"shipping-taxable","17":"product-type-simple"},"yoast_head":"<!-- This site is optimized with the Yoast SEO plugin v27.4 - https:\/\/yoast.com\/product\/yoast-seo-wordpress\/ -->\n<title>Linee 4.0 - 6x1 \u2014 6 Operazioni 1 Operatore - Effe3ti<\/title>\n<meta name=\"description\" content=\"Industria 4.0? Effe3Ti realizza impianti per il confezionamento e l&#039;imballaggio con caratteristiche conformi all&#039;industria 4.0\" \/>\n<meta name=\"robots\" content=\"index, follow, max-snippet:-1, max-image-preview:large, max-video-preview:-1\" \/>\n<link rel=\"canonical\" href=\"https:\/\/www.effe3ti.com\/pt\/produto\/linhas-4-0-caixas-de-embalagem-6-x-1\/\" \/>\n<meta property=\"og:locale\" content=\"pt_PT\" \/>\n<meta property=\"og:type\" content=\"article\" \/>\n<meta property=\"og:title\" content=\"Linee 4.0 - 6x1 \u2014 6 Operazioni 1 Operatore - Effe3ti\" \/>\n<meta property=\"og:description\" content=\"Industria 4.0? Effe3Ti realizza impianti per il confezionamento e l&#039;imballaggio con caratteristiche conformi all&#039;industria 4.0\" \/>\n<meta property=\"og:url\" content=\"https:\/\/www.effe3ti.com\/pt\/produto\/linhas-4-0-caixas-de-embalagem-6-x-1\/\" \/>\n<meta property=\"og:site_name\" content=\"Effe3ti\" \/>\n<meta property=\"article:publisher\" content=\"https:\/\/www.facebook.com\/effe3ti.packaging\" \/>\n<meta property=\"article:modified_time\" content=\"2026-03-11T14:40:44+00:00\" \/>\n<meta property=\"og:image\" content=\"https:\/\/www.effe3ti.com\/wp-content\/uploads\/2021\/11\/6x1-linea40.jpg\" \/>\n\t<meta property=\"og:image:width\" content=\"2000\" \/>\n\t<meta property=\"og:image:height\" content=\"1125\" \/>\n\t<meta property=\"og:image:type\" content=\"image\/jpeg\" \/>\n<meta name=\"twitter:card\" content=\"summary_large_image\" \/>\n<script type=\"application\/ld+json\" class=\"yoast-schema-graph\">{\"@context\":\"https:\\\/\\\/schema.org\",\"@graph\":[{\"@type\":\"WebPage\",\"@id\":\"https:\\\/\\\/www.effe3ti.com\\\/prodotto\\\/linee-4-0-confezionamento-scatole-6-x-1\\\/\",\"url\":\"https:\\\/\\\/www.effe3ti.com\\\/prodotto\\\/linee-4-0-confezionamento-scatole-6-x-1\\\/\",\"name\":\"Linee 4.0 - 6x1 \u2014 6 Operazioni 1 Operatore - Effe3ti\",\"isPartOf\":{\"@id\":\"https:\\\/\\\/www.effe3ti.com\\\/#website\"},\"primaryImageOfPage\":{\"@id\":\"https:\\\/\\\/www.effe3ti.com\\\/prodotto\\\/linee-4-0-confezionamento-scatole-6-x-1\\\/#primaryimage\"},\"image\":{\"@id\":\"https:\\\/\\\/www.effe3ti.com\\\/prodotto\\\/linee-4-0-confezionamento-scatole-6-x-1\\\/#primaryimage\"},\"thumbnailUrl\":\"https:\\\/\\\/www.effe3ti.com\\\/wp-content\\\/uploads\\\/2021\\\/11\\\/6x1-linea40.jpg\",\"datePublished\":\"2022-06-18T15:35:58+00:00\",\"dateModified\":\"2026-03-11T14:40:44+00:00\",\"description\":\"Industria 4.0? Effe3Ti realizza impianti per il confezionamento e l'imballaggio con caratteristiche conformi all'industria 4.0\",\"breadcrumb\":{\"@id\":\"https:\\\/\\\/www.effe3ti.com\\\/prodotto\\\/linee-4-0-confezionamento-scatole-6-x-1\\\/#breadcrumb\"},\"inLanguage\":\"pt-PT\",\"potentialAction\":[{\"@type\":\"ReadAction\",\"target\":[\"https:\\\/\\\/www.effe3ti.com\\\/prodotto\\\/linee-4-0-confezionamento-scatole-6-x-1\\\/\"]}]},{\"@type\":\"ImageObject\",\"inLanguage\":\"pt-PT\",\"@id\":\"https:\\\/\\\/www.effe3ti.com\\\/prodotto\\\/linee-4-0-confezionamento-scatole-6-x-1\\\/#primaryimage\",\"url\":\"https:\\\/\\\/www.effe3ti.com\\\/wp-content\\\/uploads\\\/2021\\\/11\\\/6x1-linea40.jpg\",\"contentUrl\":\"https:\\\/\\\/www.effe3ti.com\\\/wp-content\\\/uploads\\\/2021\\\/11\\\/6x1-linea40.jpg\",\"width\":2000,\"height\":1125,\"caption\":\"linea imballaggio 4.0\"},{\"@type\":\"BreadcrumbList\",\"@id\":\"https:\\\/\\\/www.effe3ti.com\\\/prodotto\\\/linee-4-0-confezionamento-scatole-6-x-1\\\/#breadcrumb\",\"itemListElement\":[{\"@type\":\"ListItem\",\"position\":1,\"name\":\"Home\",\"item\":\"https:\\\/\\\/www.effe3ti.com\\\/\"},{\"@type\":\"ListItem\",\"position\":2,\"name\":\"Products\",\"item\":\"https:\\\/\\\/www.effe3ti.com\\\/en\\\/shop\\\/\"},{\"@type\":\"ListItem\",\"position\":3,\"name\":\"Linee 4.0 &#8211; 6&#215;1 \u2014 6 Operazioni 1 Operatore\"}]},{\"@type\":\"WebSite\",\"@id\":\"https:\\\/\\\/www.effe3ti.com\\\/#website\",\"url\":\"https:\\\/\\\/www.effe3ti.com\\\/\",\"name\":\"Effe3ti\",\"description\":\"Packaging Technologies\",\"publisher\":{\"@id\":\"https:\\\/\\\/www.effe3ti.com\\\/#organization\"},\"potentialAction\":[{\"@type\":\"SearchAction\",\"target\":{\"@type\":\"EntryPoint\",\"urlTemplate\":\"https:\\\/\\\/www.effe3ti.com\\\/?s={search_term_string}\"},\"query-input\":{\"@type\":\"PropertyValueSpecification\",\"valueRequired\":true,\"valueName\":\"search_term_string\"}}],\"inLanguage\":\"pt-PT\"},{\"@type\":\"Organization\",\"@id\":\"https:\\\/\\\/www.effe3ti.com\\\/#organization\",\"name\":\"Effe3ti\",\"alternateName\":\"f3t\",\"url\":\"https:\\\/\\\/www.effe3ti.com\\\/\",\"logo\":{\"@type\":\"ImageObject\",\"inLanguage\":\"pt-PT\",\"@id\":\"https:\\\/\\\/www.effe3ti.com\\\/#\\\/schema\\\/logo\\\/image\\\/\",\"url\":\"https:\\\/\\\/www.effe3ti.com\\\/wp-content\\\/uploads\\\/2021\\\/04\\\/Effe3ti_logo-350.gif\",\"contentUrl\":\"https:\\\/\\\/www.effe3ti.com\\\/wp-content\\\/uploads\\\/2021\\\/04\\\/Effe3ti_logo-350.gif\",\"width\":350,\"height\":128,\"caption\":\"Effe3ti\"},\"image\":{\"@id\":\"https:\\\/\\\/www.effe3ti.com\\\/#\\\/schema\\\/logo\\\/image\\\/\"},\"sameAs\":[\"https:\\\/\\\/www.facebook.com\\\/effe3ti.packaging\",\"https:\\\/\\\/www.instagram.com\\\/EFFE3TI\\\/\",\"https:\\\/\\\/www.linkedin.com\\\/company\\\/effe3ti-srl\",\"https:\\\/\\\/www.youtube.com\\\/effe3ti\"]}]}<\/script>\n<!-- \/ Yoast SEO plugin. -->","yoast_head_json":{"title":"Linhas 4.0 - 6x1 \u2014 6 Opera\u00e7\u00f5es 1 Operador - Effe3ti","description":"Ind\u00fastria 4.0? A Effe3Ti cria sistemas de embalagem e envolt\u00f3rio com caracter\u00edsticas compat\u00edveis com a ind\u00fastria 4.0","robots":{"index":"index","follow":"follow","max-snippet":"max-snippet:-1","max-image-preview":"max-image-preview:large","max-video-preview":"max-video-preview:-1"},"canonical":"https:\/\/www.effe3ti.com\/pt\/produto\/linhas-4-0-caixas-de-embalagem-6-x-1\/","og_locale":"pt_PT","og_type":"article","og_title":"Linee 4.0 - 6x1 \u2014 6 Operazioni 1 Operatore - Effe3ti","og_description":"Industria 4.0? Effe3Ti realizza impianti per il confezionamento e l'imballaggio con caratteristiche conformi all'industria 4.0","og_url":"https:\/\/www.effe3ti.com\/pt\/produto\/linhas-4-0-caixas-de-embalagem-6-x-1\/","og_site_name":"Effe3ti","article_publisher":"https:\/\/www.facebook.com\/effe3ti.packaging","article_modified_time":"2026-03-11T14:40:44+00:00","og_image":[{"width":2000,"height":1125,"url":"https:\/\/www.effe3ti.com\/wp-content\/uploads\/2021\/11\/6x1-linea40.jpg","type":"image\/jpeg"}],"twitter_card":"summary_large_image","schema":{"@context":"https:\/\/schema.org","@graph":[{"@type":"WebPage","@id":"https:\/\/www.effe3ti.com\/prodotto\/linee-4-0-confezionamento-scatole-6-x-1\/","url":"https:\/\/www.effe3ti.com\/prodotto\/linee-4-0-confezionamento-scatole-6-x-1\/","name":"Linhas 4.0 - 6x1 \u2014 6 Opera\u00e7\u00f5es 1 Operador - Effe3ti","isPartOf":{"@id":"https:\/\/www.effe3ti.com\/#website"},"primaryImageOfPage":{"@id":"https:\/\/www.effe3ti.com\/prodotto\/linee-4-0-confezionamento-scatole-6-x-1\/#primaryimage"},"image":{"@id":"https:\/\/www.effe3ti.com\/prodotto\/linee-4-0-confezionamento-scatole-6-x-1\/#primaryimage"},"thumbnailUrl":"https:\/\/www.effe3ti.com\/wp-content\/uploads\/2021\/11\/6x1-linea40.jpg","datePublished":"2022-06-18T15:35:58+00:00","dateModified":"2026-03-11T14:40:44+00:00","description":"Ind\u00fastria 4.0? A Effe3Ti cria sistemas de embalagem e envolt\u00f3rio com caracter\u00edsticas compat\u00edveis com a ind\u00fastria 4.0","breadcrumb":{"@id":"https:\/\/www.effe3ti.com\/prodotto\/linee-4-0-confezionamento-scatole-6-x-1\/#breadcrumb"},"inLanguage":"pt-PT","potentialAction":[{"@type":"ReadAction","target":["https:\/\/www.effe3ti.com\/prodotto\/linee-4-0-confezionamento-scatole-6-x-1\/"]}]},{"@type":"ImageObject","inLanguage":"pt-PT","@id":"https:\/\/www.effe3ti.com\/prodotto\/linee-4-0-confezionamento-scatole-6-x-1\/#primaryimage","url":"https:\/\/www.effe3ti.com\/wp-content\/uploads\/2021\/11\/6x1-linea40.jpg","contentUrl":"https:\/\/www.effe3ti.com\/wp-content\/uploads\/2021\/11\/6x1-linea40.jpg","width":2000,"height":1125,"caption":"linea imballaggio 4.0"},{"@type":"BreadcrumbList","@id":"https:\/\/www.effe3ti.com\/prodotto\/linee-4-0-confezionamento-scatole-6-x-1\/#breadcrumb","itemListElement":[{"@type":"ListItem","position":1,"name":"Home","item":"https:\/\/www.effe3ti.com\/"},{"@type":"ListItem","position":2,"name":"Products","item":"https:\/\/www.effe3ti.com\/en\/shop\/"},{"@type":"ListItem","position":3,"name":"Linee 4.0 &#8211; 6&#215;1 \u2014 6 Operazioni 1 Operatore"}]},{"@type":"WebSite","@id":"https:\/\/www.effe3ti.com\/#website","url":"https:\/\/www.effe3ti.com\/","name":"Efe3ti","description":"Tecnologias de Embalagem","publisher":{"@id":"https:\/\/www.effe3ti.com\/#organization"},"potentialAction":[{"@type":"SearchAction","target":{"@type":"EntryPoint","urlTemplate":"https:\/\/www.effe3ti.com\/?s={search_term_string}"},"query-input":{"@type":"PropertyValueSpecification","valueRequired":true,"valueName":"search_term_string"}}],"inLanguage":"pt-PT"},{"@type":"Organization","@id":"https:\/\/www.effe3ti.com\/#organization","name":"Efe3ti","alternateName":"f3t","url":"https:\/\/www.effe3ti.com\/","logo":{"@type":"ImageObject","inLanguage":"pt-PT","@id":"https:\/\/www.effe3ti.com\/#\/schema\/logo\/image\/","url":"https:\/\/www.effe3ti.com\/wp-content\/uploads\/2021\/04\/Effe3ti_logo-350.gif","contentUrl":"https:\/\/www.effe3ti.com\/wp-content\/uploads\/2021\/04\/Effe3ti_logo-350.gif","width":350,"height":128,"caption":"Effe3ti"},"image":{"@id":"https:\/\/www.effe3ti.com\/#\/schema\/logo\/image\/"},"sameAs":["https:\/\/www.facebook.com\/effe3ti.packaging","https:\/\/www.instagram.com\/EFFE3TI\/","https:\/\/www.linkedin.com\/company\/effe3ti-srl","https:\/\/www.youtube.com\/effe3ti"]}]}},"_links":{"self":[{"href":"https:\/\/www.effe3ti.com\/pt\/wp-json\/wp\/v2\/product\/9385","targetHints":{"allow":["GET"]}}],"collection":[{"href":"https:\/\/www.effe3ti.com\/pt\/wp-json\/wp\/v2\/product"}],"about":[{"href":"https:\/\/www.effe3ti.com\/pt\/wp-json\/wp\/v2\/types\/product"}],"replies":[{"embeddable":true,"href":"https:\/\/www.effe3ti.com\/pt\/wp-json\/wp\/v2\/comments?post=9385"}],"version-history":[{"count":5,"href":"https:\/\/www.effe3ti.com\/pt\/wp-json\/wp\/v2\/product\/9385\/revisions"}],"predecessor-version":[{"id":24592,"href":"https:\/\/www.effe3ti.com\/pt\/wp-json\/wp\/v2\/product\/9385\/revisions\/24592"}],"wp:featuredmedia":[{"embeddable":true,"href":"https:\/\/www.effe3ti.com\/pt\/wp-json\/wp\/v2\/media\/4927"}],"wp:attachment":[{"href":"https:\/\/www.effe3ti.com\/pt\/wp-json\/wp\/v2\/media?parent=9385"}],"wp:term":[{"taxonomy":"product_brand","embeddable":true,"href":"https:\/\/www.effe3ti.com\/pt\/wp-json\/wp\/v2\/product_brand?post=9385"},{"taxonomy":"product_cat","embeddable":true,"href":"https:\/\/www.effe3ti.com\/pt\/wp-json\/wp\/v2\/product_cat?post=9385"},{"taxonomy":"product_tag","embeddable":true,"href":"https:\/\/www.effe3ti.com\/pt\/wp-json\/wp\/v2\/product_tag?post=9385"}],"curies":[{"name":"wp","href":"https:\/\/api.w.org\/{rel}","templated":true}]}}