{"id":6441,"date":"2022-01-05T20:15:03","date_gmt":"2022-01-05T20:15:03","guid":{"rendered":"https:\/\/www.effe3ti.com\/cookie-policy-ue\/"},"modified":"2026-01-07T10:16:40","modified_gmt":"2026-01-07T10:16:40","slug":"cookie-policy-ue","status":"publish","type":"page","link":"https:\/\/www.effe3ti.com\/ro\/cookie-policy-ue\/","title":{"rendered":"Politica privind cookie-urile (UE)"},"content":{"rendered":"<div data-elementor-type=\"wp-page\" data-elementor-id=\"6441\" class=\"elementor elementor-6441\" data-elementor-post-type=\"page\">\n\t\t\t\t\t\t<section class=\"elementor-section elementor-top-section elementor-element elementor-element-13fe31d3 elementor-section-boxed elementor-section-height-default elementor-section-height-default\" data-id=\"13fe31d3\" data-element_type=\"section\" data-e-type=\"section\">\n\t\t\t\t\t\t<div class=\"elementor-container elementor-column-gap-default\">\n\t\t\t\t\t<div class=\"elementor-column elementor-col-100 elementor-top-column elementor-element elementor-element-40fe5ae9\" data-id=\"40fe5ae9\" data-element_type=\"column\" data-e-type=\"column\">\n\t\t\t<div class=\"elementor-widget-wrap elementor-element-populated\">\n\t\t\t\t\t\t<div class=\"elementor-element elementor-element-564e4c2e elementor-widget elementor-widget-shortcode\" data-id=\"564e4c2e\" data-element_type=\"widget\" data-e-type=\"widget\" data-widget_type=\"shortcode.default\">\n\t\t\t\t<div class=\"elementor-widget-container\">\n\t\t\t\t\t\t\t<div class=\"elementor-shortcode\">\n<!-- Legal document generated by Complianz | GDPR\/CCPA Cookie Consent https:\/\/wordpress.org\/plugins\/complianz-gdpr -->\n<div id=\"cmplz-document\" class=\"cmplz-document cookie-statement cmplz-document-eu\"><p><i>Aceast\u0103 Politic\u0103 cookie-uri a fost actualizat\u0103 ultima dat\u0103 pe februarie 16, 2026 \u0219i se aplic\u0103 cet\u0103\u021benilor \u0219i reziden\u021bilor permanen\u021bi din Spa\u021biul Economic European \u0219i Elve\u021bia.<\/i><br><\/p><h2>1. Introducere<\/h2><p>Site-ul nostru, <a href=\"https:\/\/www.effe3ti.com\/ro\">https:\/\/www.effe3ti.com\/ro<\/a> (numit \u00een continuare \u201esite-ul\u201d), folose\u0219te cookie-uri \u0219i alte tehnologii similare (pentru comoditate, toate tehnologiile sunt numite \u00een continuare \u201ecookie-uri\u201d). Cookie-urile sunt plasate \u0219i de ter\u021bii cu care colabor\u0103m. \u00cen documentul de mai jos te inform\u0103m despre modul cum folosim cookie-uri pe site-ul nostru.<\/p><h2>2. Ce sunt cookie-urile?<\/h2><p>Un cookie este un fi\u0219ier simplu, de mici dimensiuni, care este trimis \u00eempreun\u0103 cu paginile acestui site web \u0219i stocat de navigatorul t\u0103u pe hard diskul computerului sau al altui dispozitiv. Informa\u021biile stocate acolo pot fi trimise \u00eenapoi c\u0103tre serverele noastre sau serverele ter\u021bilor relevan\u021bi, \u00een timpul unei vizite ulterioare.<\/p><h2>3. Ce sunt scripturile?<\/h2><p>Un script este un fragment de cod (de program), utilizat pentru ca site-ul nostru s\u0103 func\u021bioneze corect \u0219i interactiv. Acest cod este executat pe serverul nostru sau pe dispozitivul t\u0103u.<\/p><h2>4. Ce este un web beacon?<\/h2><p>Un \u201eweb beacon\u201d (sau un \u201epixel tag\u201d, adic\u0103 o etichet\u0103-pixel) este un mic fragment invizibil de text, sau o imagine, care este plasat\u0103 pe un site web pentru a monitoriza traficul. Pentru realizarea monitoriz\u0103rii traficului, web beacons pot stoca diverse date despre tine.<\/p><h2>5. Cookie-uri<\/h2><p class=\"cmplz-subtitle\">5.1 Cookie-uri tehnice sau func\u021bionale<\/p><p>Unele cookie-uri se asigur\u0103 c\u0103 anumite p\u0103r\u021bi ale site-ului func\u021bioneaz\u0103 corect \u0219i c\u0103 preferin\u021bele tale de utilizator r\u0103m\u00e2n cunoscute. Prin plasarea cookie-urilor func\u021bionale, \u00ee\u021bi este mai u\u0219or s\u0103 vizitezi site-ul nostru. \u00cen acest fel, nu trebuie s\u0103 introduci \u00een mod repetat acelea\u0219i informa\u021bii atunci c\u00e2nd vizitezi site-ul nostru \u0219i, de exemplu, articolele r\u0103m\u00e2n \u00een co\u0219ul de cump\u0103r\u0103turi p\u00e2n\u0103 c\u00e2nd pl\u0103te\u0219ti. Putem plasa aceste cookie-uri f\u0103r\u0103 consim\u021b\u0103m\u00e2ntul t\u0103u.<\/p><p class=\"cmplz-subtitle\">5.2 Cookie-uri statistice<\/p><p>Folosim cookie-uri statistice pentru a optimiza experien\u021ba de utilizare a site-ului pentru utilizatorii no\u0219tri. Cu aceste cookie-uri statistice ob\u021binem informa\u021bii despre utilizarea site-ului nostru.&nbsp;\u00ce\u021bi cerem permisiunea de a plasa cookie-uri statistice.<\/p><p class=\"cmplz-subtitle\">5.3 Cookie-uri pentru marketing\/urm\u0103rire<\/p><p>Cookie-urile de marketing\/urm\u0103rire sunt cookie-uri (sau orice alt\u0103 form\u0103 de stocare local\u0103), utilizate \u00een crearea profilurilor de utilizator, pentru a afi\u0219a publicitate sau pentru a urm\u0103ri utilizatorul pe acest site ori pe mai multe site-uri, \u00een scopuri de marketing similare.<\/p><p class=\"cmplz-subtitle\">5.4 Media social\u0103<\/p><p>Pe site-ul nostru web, am inclus con\u021binut de la Facebook, LinkedIn \u0219i Instagram pentru a promova pagini web (de exemplu, \u201elike\u201d, \u201epin\u201d) sau a le distribui (de exemplu, \u201etweet\u201d) pe re\u021bele sociale precum Facebook, LinkedIn \u0219i Instagram. Acest con\u021binut este \u00eencorporat cu cod derivat din Facebook, LinkedIn \u0219i Instagram \u0219i plaseaz\u0103 cookie-uri. Acest con\u021binut poate stoca \u0219i procesa anumite informa\u021bii pentru publicitate personalizat\u0103.<\/p><p>Te rug\u0103m s\u0103 cite\u0219ti declara\u021bia de confiden\u021bialitate a acestor re\u021bele sociale (care se pot modifica \u00een mod regulat) pentru a afla ce fac cu datele tale (personale) pe care le proceseaz\u0103 folosind aceste cookie-uri. Datele preluate sunt anonimizate pe c\u00e2t de mult posibil. Facebook, LinkedIn \u0219i Instagram se afl\u0103 \u00een Statele Unite.<\/p><h2>6. Cookie-uri plasate<\/h2><div id=\"cmplz-cookies-overview\"><\/div><h2>7. Consim\u021b\u0103m\u00e2nt<\/h2><p>C\u00e2nd vizitezi pentru prima dat\u0103 site-ul nostru, \u00ee\u021bi vom ar\u0103ta o fereastr\u0103 pop-up cu o explica\u021bie despre cookie-uri. Ap\u0103s\u00e2nd pe Save preferences, \u00ee\u021bi exprimi consim\u021b\u0103m\u00e2ntul pentru utilizarea de c\u0103tre noi a categoriilor de cookie-uri \u0219i module selectate \u00een pop-up, conform descrierii din aceast\u0103 Politic\u0103 privind cookie-urlie. Po\u021bi bloca folosirea cookie-urilor din navigatorul pe care \u00eel folose\u0219ti, dar te rug\u0103m s\u0103 \u021bii cont de faptul c\u0103 \u00een acest caz e posibil ca site-ul nostru s\u0103 nu mai func\u021bioneze corespunz\u0103tor.<\/p><p class=\"cmplz-subtitle\">7.1 Administreaz\u0103 set\u0103rile pentru consim\u021b\u0103m\u00e2nt<\/p><div id=\"cmplz-manage-consent-container-nojavascript\">Ai \u00eenc\u0103rcat Politic\u0103 cookie-uri f\u0103r\u0103 suport javascript.&nbsp;\u00cen AMP, po\u021bi utiliza butonul de gestionare a consim\u021b\u0103m\u00e2ntului din partea de jos a paginii.<\/div><div id=\"cmplz-manage-consent-container\" class=\"cmplz-manage-consent-container\"><\/div><h2>8. Activarea\/dezactivarea \u0219i \u0219tergerea cookie-urilor<\/h2><p>Po\u021bi utiliza navigatorul t\u0103u de internet pentru a \u0219terge automat sau manual cookie-urile. De asemenea, po\u021bi specifica faptul c\u0103 anumite cookie-uri nu pot fi plasate. O alt\u0103 op\u021biune este s\u0103 modifici set\u0103rile navigatorului de internet, astfel \u00eenc\u00e2t s\u0103 prime\u0219ti un mesaj de fiecare dat\u0103 c\u00e2nd este plasat un fi\u0219ier cookie. Pentru mai multe informa\u021bii despre aceste op\u021biuni, te rug\u0103m s\u0103 consul\u021bi instruc\u021biunile din sec\u021biunea Ajutor a navigatorului t\u0103u.<\/p><p>Te rog s\u0103 re\u021bii c\u0103 site-ul nostru s-ar putea s\u0103 nu func\u021bioneze corect dac\u0103 sunt dezactivate toate cookie-urile. Dac\u0103 \u0219tergi cookie-urile din navigatorul t\u0103u, ele vor fi plasate din nou dup\u0103 ce \u00ee\u021bi dai consim\u021b\u0103m\u00e2ntul c\u00e2nd vizitezi din nou site-ul nostru.<\/p><h2>9. Drepturile tale asupra datelor cu caracter personal<\/h2><p>Ai urm\u0103toarele drepturi asupra datelor cu caracter personal:<\/p><ul>\n                    <li>Ai dreptul s\u0103 \u0219tii de ce sunt necesare datele tale cu caracter personal, ce vom face cu ele \u0219i c\u00e2t timp vor fi p\u0103strate.<\/li>\n                    <li>Dreptul de acces: ai dreptul de a-\u021bi accesa datele cu caracter personal pe care le-am colectat.<\/li>\n                    <li>Dreptul la rectificare: ai dreptul de a completa, corecta, \u0219terge sau bloca datele tale cu caracter personal oric\u00e2nd vrei.<\/li>\n                    <li>Dac\u0103 ne dai consim\u021b\u0103m\u00e2ntul s\u0103-\u021bi prelucr\u0103m datele, ai dreptul de a revoca consim\u021b\u0103m\u00e2ntul \u0219i s\u0103 ceri \u0219tergerea tuturor datele cu caracter personal.<\/li>\n                    <li>Dreptul de a-\u021bi transfera datele: ai dreptul s\u0103 ceri toate datele tale cu caracter personal de la operator \u0219i s\u0103 le transferi \u00een \u00eentregime la un alt operator.<\/li>\n                    <li>Dreptul de a obiecta: te po\u021bi opune prelucr\u0103rii datelor tale. Respect\u0103m acest lucru, cu excep\u021bia cazului \u00een care exist\u0103 motive justificate pentru prelucrare.<\/li>\n                <\/ul><p>Pentru exercitarea acestor drepturi, te rug\u0103m s\u0103 ne contactezi. Te rug\u0103m s\u0103 folose\u0219ti detaliile de contact din partea de jos a acestei Politici privind cookie-urile. Dac\u0103 ai o reclama\u021bie cu privire la modul \u00een care gestion\u0103m datele tale, am dori s\u0103 ne comunici acest lucru, dar ai \u0219i dreptul de a depune o reclama\u021bie la autoritatea de supraveghere (Autoritatea Na\u021bional\u0103 de Supraveghere a Prelucr\u0103rii Datelor cu Caracter Personal).<\/p><h2>10. Date de contact<\/h2><p>Pentru \u00eentreb\u0103ri \u0219i\/sau comentarii \u00een leg\u0103tur\u0103 cu Politica noastr\u0103 privind cookie-urile \u0219i aceast\u0103 declara\u021bie, te rog contacteaz\u0103-ne folosind urm\u0103toarele informa\u021bii de contact:<\/p><p><span class=\"cmplz-contact-organisation\">EFFE3TI srl<\/span><br>\n                      <span class=\"cmplz-contact-address\">C.so Garibaldi 298 \u2013 13045 Gattinara (VC) \u2013 Italy<\/span><br>\n                      <span class=\"cmplz-contact-country\">Italia<\/span><br>\n                      <span class=\"cmplz-contact-domain\">Site web: <a href=\"https:\/\/www.effe3ti.com\/ro\">https:\/\/www.effe3ti.com\/ro<\/a><\/span><br>\n                      <span class=\"cmplz-contact-email\">Email: <span class=\"cmplz-obfuscate\">co&#109;mu&#110;i&#099;&#097;ti&#111;n@<span class=\"cmplz-fmail-domain\">e&#120;&#046;c&#111;&#109;<\/span>&#101;f&#102;e3t&#105;&#046;c&#111;&#109;<\/span><\/span><br>\n                    <span class=\"cmplz-contact-telephone\">Num\u0103r de telefon: +39.0163.828911<\/span><\/p><p>Aceast\u0103 Politic\u0103 cookie-uri a fost sincronizat\u0103 cu <a href=\"https:\/\/cookiedatabase.org\/\" target=\"_blank\">cookiedatabase.org<\/a> pe februarie 16, 2026.<\/p><\/div><\/div>\n\t\t\t\t\t\t<\/div>\n\t\t\t\t<\/div>\n\t\t\t\t\t<\/div>\n\t\t<\/div>\n\t\t\t\t\t<\/div>\n\t\t<\/section>\n\t\t\t\t<\/div>","protected":false},"excerpt":{"rendered":"","protected":false},"author":1,"featured_media":0,"parent":0,"menu_order":0,"comment_status":"closed","ping_status":"closed","template":"","meta":{"footnotes":""},"class_list":["post-6441","page","type-page","status-publish","hentry"],"yoast_head":"<!-- This site is optimized with the Yoast SEO plugin v27.3 - https:\/\/yoast.com\/product\/yoast-seo-wordpress\/ -->\n<title>Cookie Policy (UE) - Effe3ti<\/title>\n<meta name=\"robots\" content=\"index, follow, max-snippet:-1, max-image-preview:large, max-video-preview:-1\" \/>\n<link rel=\"canonical\" href=\"https:\/\/www.effe3ti.com\/ro\/cookie-policy-ue\/\" \/>\n<meta property=\"og:locale\" content=\"ro_RO\" \/>\n<meta property=\"og:type\" content=\"article\" \/>\n<meta property=\"og:title\" content=\"Cookie Policy (UE) - Effe3ti\" \/>\n<meta property=\"og:url\" content=\"https:\/\/www.effe3ti.com\/ro\/cookie-policy-ue\/\" \/>\n<meta property=\"og:site_name\" content=\"Effe3ti\" \/>\n<meta property=\"article:publisher\" content=\"https:\/\/www.facebook.com\/effe3ti.packaging\" \/>\n<meta property=\"article:modified_time\" content=\"2026-01-07T10:16:40+00:00\" \/>\n<meta name=\"twitter:card\" content=\"summary_large_image\" \/>\n<script type=\"application\/ld+json\" class=\"yoast-schema-graph\">{\"@context\":\"https:\\\/\\\/schema.org\",\"@graph\":[{\"@type\":\"WebPage\",\"@id\":\"https:\\\/\\\/www.effe3ti.com\\\/cookie-policy-ue\\\/\",\"url\":\"https:\\\/\\\/www.effe3ti.com\\\/cookie-policy-ue\\\/\",\"name\":\"Cookie Policy (UE) - Effe3ti\",\"isPartOf\":{\"@id\":\"https:\\\/\\\/www.effe3ti.com\\\/#website\"},\"datePublished\":\"2022-01-05T20:15:03+00:00\",\"dateModified\":\"2026-01-07T10:16:40+00:00\",\"breadcrumb\":{\"@id\":\"https:\\\/\\\/www.effe3ti.com\\\/cookie-policy-ue\\\/#breadcrumb\"},\"inLanguage\":\"ro-RO\",\"potentialAction\":[{\"@type\":\"ReadAction\",\"target\":[\"https:\\\/\\\/www.effe3ti.com\\\/cookie-policy-ue\\\/\"]}]},{\"@type\":\"BreadcrumbList\",\"@id\":\"https:\\\/\\\/www.effe3ti.com\\\/cookie-policy-ue\\\/#breadcrumb\",\"itemListElement\":[{\"@type\":\"ListItem\",\"position\":1,\"name\":\"Home\",\"item\":\"https:\\\/\\\/www.effe3ti.com\\\/\"},{\"@type\":\"ListItem\",\"position\":2,\"name\":\"Cookie Policy (UE)\"}]},{\"@type\":\"WebSite\",\"@id\":\"https:\\\/\\\/www.effe3ti.com\\\/#website\",\"url\":\"https:\\\/\\\/www.effe3ti.com\\\/\",\"name\":\"Effe3ti\",\"description\":\"Packaging Technologies\",\"publisher\":{\"@id\":\"https:\\\/\\\/www.effe3ti.com\\\/#organization\"},\"potentialAction\":[{\"@type\":\"SearchAction\",\"target\":{\"@type\":\"EntryPoint\",\"urlTemplate\":\"https:\\\/\\\/www.effe3ti.com\\\/?s={search_term_string}\"},\"query-input\":{\"@type\":\"PropertyValueSpecification\",\"valueRequired\":true,\"valueName\":\"search_term_string\"}}],\"inLanguage\":\"ro-RO\"},{\"@type\":\"Organization\",\"@id\":\"https:\\\/\\\/www.effe3ti.com\\\/#organization\",\"name\":\"Effe3ti\",\"alternateName\":\"f3t\",\"url\":\"https:\\\/\\\/www.effe3ti.com\\\/\",\"logo\":{\"@type\":\"ImageObject\",\"inLanguage\":\"ro-RO\",\"@id\":\"https:\\\/\\\/www.effe3ti.com\\\/#\\\/schema\\\/logo\\\/image\\\/\",\"url\":\"https:\\\/\\\/www.effe3ti.com\\\/wp-content\\\/uploads\\\/2021\\\/04\\\/Effe3ti_logo-350.gif\",\"contentUrl\":\"https:\\\/\\\/www.effe3ti.com\\\/wp-content\\\/uploads\\\/2021\\\/04\\\/Effe3ti_logo-350.gif\",\"width\":350,\"height\":128,\"caption\":\"Effe3ti\"},\"image\":{\"@id\":\"https:\\\/\\\/www.effe3ti.com\\\/#\\\/schema\\\/logo\\\/image\\\/\"},\"sameAs\":[\"https:\\\/\\\/www.facebook.com\\\/effe3ti.packaging\",\"https:\\\/\\\/www.instagram.com\\\/EFFE3TI\\\/\",\"https:\\\/\\\/www.linkedin.com\\\/company\\\/effe3ti-srl\",\"https:\\\/\\\/www.youtube.com\\\/effe3ti\"]}]}<\/script>\n<!-- \/ Yoast SEO plugin. -->","yoast_head_json":{"title":"Cookie Policy (UE) - Effe3ti","robots":{"index":"index","follow":"follow","max-snippet":"max-snippet:-1","max-image-preview":"max-image-preview:large","max-video-preview":"max-video-preview:-1"},"canonical":"https:\/\/www.effe3ti.com\/ro\/cookie-policy-ue\/","og_locale":"ro_RO","og_type":"article","og_title":"Cookie Policy (UE) - Effe3ti","og_url":"https:\/\/www.effe3ti.com\/ro\/cookie-policy-ue\/","og_site_name":"Effe3ti","article_publisher":"https:\/\/www.facebook.com\/effe3ti.packaging","article_modified_time":"2026-01-07T10:16:40+00:00","twitter_card":"summary_large_image","schema":{"@context":"https:\/\/schema.org","@graph":[{"@type":"WebPage","@id":"https:\/\/www.effe3ti.com\/cookie-policy-ue\/","url":"https:\/\/www.effe3ti.com\/cookie-policy-ue\/","name":"Cookie Policy (UE) - Effe3ti","isPartOf":{"@id":"https:\/\/www.effe3ti.com\/#website"},"datePublished":"2022-01-05T20:15:03+00:00","dateModified":"2026-01-07T10:16:40+00:00","breadcrumb":{"@id":"https:\/\/www.effe3ti.com\/cookie-policy-ue\/#breadcrumb"},"inLanguage":"ro-RO","potentialAction":[{"@type":"ReadAction","target":["https:\/\/www.effe3ti.com\/cookie-policy-ue\/"]}]},{"@type":"BreadcrumbList","@id":"https:\/\/www.effe3ti.com\/cookie-policy-ue\/#breadcrumb","itemListElement":[{"@type":"ListItem","position":1,"name":"Home","item":"https:\/\/www.effe3ti.com\/"},{"@type":"ListItem","position":2,"name":"Cookie Policy (UE)"}]},{"@type":"WebSite","@id":"https:\/\/www.effe3ti.com\/#website","url":"https:\/\/www.effe3ti.com\/","name":"Effe3ti","description":"Tehnologii de ambalare","publisher":{"@id":"https:\/\/www.effe3ti.com\/#organization"},"potentialAction":[{"@type":"SearchAction","target":{"@type":"EntryPoint","urlTemplate":"https:\/\/www.effe3ti.com\/?s={search_term_string}"},"query-input":{"@type":"PropertyValueSpecification","valueRequired":true,"valueName":"search_term_string"}}],"inLanguage":"ro-RO"},{"@type":"Organization","@id":"https:\/\/www.effe3ti.com\/#organization","name":"Effe3ti","alternateName":"f3t","url":"https:\/\/www.effe3ti.com\/","logo":{"@type":"ImageObject","inLanguage":"ro-RO","@id":"https:\/\/www.effe3ti.com\/#\/schema\/logo\/image\/","url":"https:\/\/www.effe3ti.com\/wp-content\/uploads\/2021\/04\/Effe3ti_logo-350.gif","contentUrl":"https:\/\/www.effe3ti.com\/wp-content\/uploads\/2021\/04\/Effe3ti_logo-350.gif","width":350,"height":128,"caption":"Effe3ti"},"image":{"@id":"https:\/\/www.effe3ti.com\/#\/schema\/logo\/image\/"},"sameAs":["https:\/\/www.facebook.com\/effe3ti.packaging","https:\/\/www.instagram.com\/EFFE3TI\/","https:\/\/www.linkedin.com\/company\/effe3ti-srl","https:\/\/www.youtube.com\/effe3ti"]}]}},"_links":{"self":[{"href":"https:\/\/www.effe3ti.com\/ro\/wp-json\/wp\/v2\/pages\/6441","targetHints":{"allow":["GET"]}}],"collection":[{"href":"https:\/\/www.effe3ti.com\/ro\/wp-json\/wp\/v2\/pages"}],"about":[{"href":"https:\/\/www.effe3ti.com\/ro\/wp-json\/wp\/v2\/types\/page"}],"author":[{"embeddable":true,"href":"https:\/\/www.effe3ti.com\/ro\/wp-json\/wp\/v2\/users\/1"}],"replies":[{"embeddable":true,"href":"https:\/\/www.effe3ti.com\/ro\/wp-json\/wp\/v2\/comments?post=6441"}],"version-history":[{"count":3,"href":"https:\/\/www.effe3ti.com\/ro\/wp-json\/wp\/v2\/pages\/6441\/revisions"}],"predecessor-version":[{"id":24092,"href":"https:\/\/www.effe3ti.com\/ro\/wp-json\/wp\/v2\/pages\/6441\/revisions\/24092"}],"wp:attachment":[{"href":"https:\/\/www.effe3ti.com\/ro\/wp-json\/wp\/v2\/media?parent=6441"}],"curies":[{"name":"wp","href":"https:\/\/api.w.org\/{rel}","templated":true}]}}